{"id":1578,"date":"2023-08-28T12:12:18","date_gmt":"2023-08-28T10:12:18","guid":{"rendered":"https:\/\/borzecki.com.pl\/?page_id=1578"},"modified":"2023-08-30T16:33:04","modified_gmt":"2023-08-30T14:33:04","slug":"oslony-wewnetrzne","status":"publish","type":"page","link":"https:\/\/borzecki.com.pl\/index.php\/oslony-wewnetrzne\/","title":{"rendered":"OS\u0141ONY WEWN\u0118TRZNE"},"content":{"rendered":"\t\t<div data-elementor-type=\"wp-page\" data-elementor-id=\"1578\" class=\"elementor elementor-1578\" data-elementor-post-type=\"page\">\n\t\t\t\t\t\t\t\t\t<section class=\"elementor-section elementor-top-section elementor-element elementor-element-4daf8935 elementor-section-boxed elementor-section-height-default elementor-section-height-default\" data-id=\"4daf8935\" data-element_type=\"section\">\n\t\t\t\t\t\t<div class=\"elementor-container elementor-column-gap-default\">\n\t\t\t\t\t<div class=\"elementor-column elementor-col-100 elementor-top-column elementor-element elementor-element-96517a0\" data-id=\"96517a0\" data-element_type=\"column\">\n\t\t\t<div class=\"elementor-widget-wrap elementor-element-populated\">\n\t\t\t\t\t\t\t\t<div class=\"elementor-element elementor-element-16341847 elementor-widget elementor-widget-heading\" data-id=\"16341847\" data-element_type=\"widget\" data-widget_type=\"heading.default\">\n\t\t\t\t<div class=\"elementor-widget-container\">\n\t\t\t<h2 class=\"elementor-heading-title elementor-size-default\">OS\u0141ONY WEWN\u0118TRZNE<\/h2>\t\t<\/div>\n\t\t\t\t<\/div>\n\t\t\t\t<div class=\"elementor-element elementor-element-27421c1 elementor-widget elementor-widget-image\" data-id=\"27421c1\" data-element_type=\"widget\" data-widget_type=\"image.default\">\n\t\t\t\t<div class=\"elementor-widget-container\">\n\t\t\t\t\t\t\t\t\t\t\t\t\t\t\t<img decoding=\"async\" loading=\"lazy\" width=\"1280\" height=\"320\" src=\"https:\/\/borzecki.com.pl\/wp-content\/uploads\/2023\/08\/katalog_banery_kategorii_plisy_uni.jpg\" class=\"attachment-full size-full wp-image-1462\" alt=\"\" srcset=\"https:\/\/borzecki.com.pl\/wp-content\/uploads\/2023\/08\/katalog_banery_kategorii_plisy_uni.jpg 1280w, https:\/\/borzecki.com.pl\/wp-content\/uploads\/2023\/08\/katalog_banery_kategorii_plisy_uni-300x75.jpg 300w, https:\/\/borzecki.com.pl\/wp-content\/uploads\/2023\/08\/katalog_banery_kategorii_plisy_uni-1024x256.jpg 1024w, https:\/\/borzecki.com.pl\/wp-content\/uploads\/2023\/08\/katalog_banery_kategorii_plisy_uni-768x192.jpg 768w, https:\/\/borzecki.com.pl\/wp-content\/uploads\/2023\/08\/katalog_banery_kategorii_plisy_uni-600x150.jpg 600w, https:\/\/borzecki.com.pl\/wp-content\/uploads\/2023\/08\/katalog_banery_kategorii_plisy_uni-280x70.jpg 280w\" sizes=\"(max-width: 1280px) 100vw, 1280px\" \/>\t\t\t\t\t\t\t\t\t\t\t\t\t\t\t<\/div>\n\t\t\t\t<\/div>\n\t\t\t\t<div class=\"elementor-element elementor-element-00f461e elementor-widget elementor-widget-button\" data-id=\"00f461e\" data-element_type=\"widget\" id=\"go-back\" data-widget_type=\"button.default\">\n\t\t\t\t<div class=\"elementor-widget-container\">\n\t\t\t\t\t<div class=\"elementor-button-wrapper\">\n\t\t\t<a class=\"elementor-button elementor-button-link elementor-size-sm\" href=\"#\">\n\t\t\t\t\t\t<span class=\"elementor-button-content-wrapper\">\n\t\t\t\t\t\t<span class=\"elementor-button-icon elementor-align-icon-left\">\n\t\t\t\t<i aria-hidden=\"true\" class=\"fas fa-chevron-left\"><\/i>\t\t\t<\/span>\n\t\t\t\t\t\t<span class=\"elementor-button-text\">Wstecz<\/span>\n\t\t<\/span>\n\t\t\t\t\t<\/a>\n\t\t<\/div>\n\t\t\t\t<\/div>\n\t\t\t\t<\/div>\n\t\t\t\t<div class=\"elementor-element elementor-element-ee3a249 elementor-widget elementor-widget-html\" data-id=\"ee3a249\" data-element_type=\"widget\" data-widget_type=\"html.default\">\n\t\t\t\t<div class=\"elementor-widget-container\">\n\t\t\t<script>\n    document.getElementById(\"go-back\").addEventListener(\"click\", () => {\n  history.back();\n});\n<\/script>\t\t<\/div>\n\t\t\t\t<\/div>\n\t\t\t\t<div class=\"elementor-element elementor-element-1a57804 elementor-widget elementor-widget-text-editor\" data-id=\"1a57804\" data-element_type=\"widget\" data-widget_type=\"text-editor.default\">\n\t\t\t\t<div class=\"elementor-widget-container\">\n\t\t\t\t\t\t\t<p>Os\u0142ony montowane wewn\u0105trz dom\u00f3w chroni\u0105 pomieszczenia przed s\u0142o\u0144cem oraz niechcianymi spojrzeniami s\u0105siad\u00f3w i przechodni\u00f3w. Odpowiednio wysterowane pozwalaj\u0105 decydowa\u0107 o zaciemnieniu, nas\u0142onecznieniu, temperaturze oraz prawid\u0142owej cyrkulacji powietrza.<\/p><p>Wewn\u0119trzne rolety i \u017caluzje stanowi\u0105 wa\u017cny element dekoracyjny domu. W zale\u017cno\u015bci od wybranego systemu i kolorystyki, pomog\u0105 Ci kreowa\u0107 wizualne wra\u017cenia wn\u0119trza, korygowa\u0107 proporcje okna oraz ca\u0142ego pomieszczenia. Zaprojektowane z my\u015bl\u0105 o komforcie ich codziennego u\u017cytkowania, oferuj\u0105 r\u00f3\u017cne sposoby monta\u017cu i sterowania.<\/p><p>W naszej ofercie znajdziesz modne rolety materia\u0142owe, stylowe \u017caluzje oraz dekoracyjne zas\u0142ony okienne, za pomoc\u0105 kt\u00f3rych os\u0142onisz okna zgodnie ze swoim gustem i sposobem aran\u017cowania wn\u0119trza.<\/p><p>\u00a0<\/p>\t\t\t\t\t\t<\/div>\n\t\t\t\t<\/div>\n\t\t\t\t<div class=\"elementor-element elementor-element-9af4d16 elementor-grid-2 elementor-grid-tablet-2 elementor-grid-mobile-1 elementor-posts--thumbnail-top elementor-card-shadow-yes elementor-posts__hover-gradient elementor-widget elementor-widget-posts\" data-id=\"9af4d16\" data-element_type=\"widget\" data-settings=\"{&quot;cards_columns&quot;:&quot;2&quot;,&quot;cards_columns_tablet&quot;:&quot;2&quot;,&quot;cards_columns_mobile&quot;:&quot;1&quot;,&quot;cards_row_gap&quot;:{&quot;unit&quot;:&quot;px&quot;,&quot;size&quot;:35,&quot;sizes&quot;:[]},&quot;cards_row_gap_tablet&quot;:{&quot;unit&quot;:&quot;px&quot;,&quot;size&quot;:&quot;&quot;,&quot;sizes&quot;:[]},&quot;cards_row_gap_mobile&quot;:{&quot;unit&quot;:&quot;px&quot;,&quot;size&quot;:&quot;&quot;,&quot;sizes&quot;:[]}}\" data-widget_type=\"posts.cards\">\n\t\t\t\t<div class=\"elementor-widget-container\">\n\t\t\t\t\t<div class=\"elementor-posts-container elementor-posts elementor-posts--skin-cards elementor-grid\">\n\t\t\t\t<article class=\"elementor-post elementor-grid-item post-1482 post type-post status-publish format-standard has-post-thumbnail hentry category-oslony_wewnetrzne\">\n\t\t\t<div class=\"elementor-post__card\">\n\t\t\t\t<a class=\"elementor-post__thumbnail__link\" href=\"https:\/\/borzecki.com.pl\/index.php\/2023\/08\/25\/zaluzje-pionowe-verticale\/\" tabindex=\"-1\" ><div class=\"elementor-post__thumbnail\"><img loading=\"lazy\" width=\"300\" height=\"75\" src=\"https:\/\/borzecki.com.pl\/wp-content\/uploads\/2023\/08\/katalog_banery_kategorii_zaluzje_vert_uni-300x75.jpg\" class=\"attachment-medium size-medium wp-image-1483\" alt=\"\" decoding=\"async\" srcset=\"https:\/\/borzecki.com.pl\/wp-content\/uploads\/2023\/08\/katalog_banery_kategorii_zaluzje_vert_uni-300x75.jpg 300w, https:\/\/borzecki.com.pl\/wp-content\/uploads\/2023\/08\/katalog_banery_kategorii_zaluzje_vert_uni-1024x256.jpg 1024w, https:\/\/borzecki.com.pl\/wp-content\/uploads\/2023\/08\/katalog_banery_kategorii_zaluzje_vert_uni-768x192.jpg 768w, https:\/\/borzecki.com.pl\/wp-content\/uploads\/2023\/08\/katalog_banery_kategorii_zaluzje_vert_uni-600x150.jpg 600w, https:\/\/borzecki.com.pl\/wp-content\/uploads\/2023\/08\/katalog_banery_kategorii_zaluzje_vert_uni-280x70.jpg 280w, https:\/\/borzecki.com.pl\/wp-content\/uploads\/2023\/08\/katalog_banery_kategorii_zaluzje_vert_uni.jpg 1280w\" sizes=\"(max-width: 300px) 100vw, 300px\" \/><\/div><\/a>\n\t\t\t\t<div class=\"elementor-post__badge\">Os\u0142ony wewn\u0119trzne<\/div>\n\t\t\t\t<div class=\"elementor-post__text\">\n\t\t\t\t<h3 class=\"elementor-post__title\">\n\t\t\t<a href=\"https:\/\/borzecki.com.pl\/index.php\/2023\/08\/25\/zaluzje-pionowe-verticale\/\" >\n\t\t\t\t\u017baluzje pionowe &#8222;Verticale&#8221;\t\t\t<\/a>\n\t\t<\/h3>\n\t\t\n\t\t<a class=\"elementor-post__read-more\" href=\"https:\/\/borzecki.com.pl\/index.php\/2023\/08\/25\/zaluzje-pionowe-verticale\/\" aria-label=\"Read more about \u017baluzje pionowe &#8222;Verticale&#8221;\" tabindex=\"-1\" >\n\t\t\tWi\u0119cej informacji \u00bb\t\t<\/a>\n\n\t\t\t\t<\/div>\n\t\t\t\t\t<\/div>\n\t\t<\/article>\n\t\t\t\t<article class=\"elementor-post elementor-grid-item post-1478 post type-post status-publish format-standard has-post-thumbnail hentry category-oslony_wewnetrzne\">\n\t\t\t<div class=\"elementor-post__card\">\n\t\t\t\t<a class=\"elementor-post__thumbnail__link\" href=\"https:\/\/borzecki.com.pl\/index.php\/2023\/08\/25\/zaluzje-drewniane-oraz-bambusowe\/\" tabindex=\"-1\" ><div class=\"elementor-post__thumbnail\"><img loading=\"lazy\" width=\"300\" height=\"200\" src=\"https:\/\/borzecki.com.pl\/wp-content\/uploads\/2022\/03\/zaluzje-drewniane-4-300x200.jpg\" class=\"attachment-medium size-medium wp-image-928\" alt=\"\" decoding=\"async\" srcset=\"https:\/\/borzecki.com.pl\/wp-content\/uploads\/2022\/03\/zaluzje-drewniane-4-300x200.jpg 300w, https:\/\/borzecki.com.pl\/wp-content\/uploads\/2022\/03\/zaluzje-drewniane-4-768x512.jpg 768w, https:\/\/borzecki.com.pl\/wp-content\/uploads\/2022\/03\/zaluzje-drewniane-4-600x400.jpg 600w, https:\/\/borzecki.com.pl\/wp-content\/uploads\/2022\/03\/zaluzje-drewniane-4-240x160.jpg 240w, https:\/\/borzecki.com.pl\/wp-content\/uploads\/2022\/03\/zaluzje-drewniane-4.jpg 960w\" sizes=\"(max-width: 300px) 100vw, 300px\" \/><\/div><\/a>\n\t\t\t\t<div class=\"elementor-post__badge\">Os\u0142ony wewn\u0119trzne<\/div>\n\t\t\t\t<div class=\"elementor-post__text\">\n\t\t\t\t<h3 class=\"elementor-post__title\">\n\t\t\t<a href=\"https:\/\/borzecki.com.pl\/index.php\/2023\/08\/25\/zaluzje-drewniane-oraz-bambusowe\/\" >\n\t\t\t\t\u017baluzje drewniane oraz\u00a0bambusowe\t\t\t<\/a>\n\t\t<\/h3>\n\t\t\n\t\t<a class=\"elementor-post__read-more\" href=\"https:\/\/borzecki.com.pl\/index.php\/2023\/08\/25\/zaluzje-drewniane-oraz-bambusowe\/\" aria-label=\"Read more about \u017baluzje drewniane oraz\u00a0bambusowe\" tabindex=\"-1\" >\n\t\t\tWi\u0119cej informacji \u00bb\t\t<\/a>\n\n\t\t\t\t<\/div>\n\t\t\t\t\t<\/div>\n\t\t<\/article>\n\t\t\t\t<article class=\"elementor-post elementor-grid-item post-1473 post type-post status-publish format-standard has-post-thumbnail hentry category-oslony_wewnetrzne\">\n\t\t\t<div class=\"elementor-post__card\">\n\t\t\t\t<a class=\"elementor-post__thumbnail__link\" href=\"https:\/\/borzecki.com.pl\/index.php\/2023\/08\/25\/rolety-rzymskie\/\" tabindex=\"-1\" ><div class=\"elementor-post__thumbnail\"><img loading=\"lazy\" width=\"300\" height=\"75\" src=\"https:\/\/borzecki.com.pl\/wp-content\/uploads\/2023\/08\/katalog_banery_kategorii_rolety_rzymskie_uni-300x75.jpg\" class=\"attachment-medium size-medium wp-image-1474\" alt=\"\" decoding=\"async\" srcset=\"https:\/\/borzecki.com.pl\/wp-content\/uploads\/2023\/08\/katalog_banery_kategorii_rolety_rzymskie_uni-300x75.jpg 300w, https:\/\/borzecki.com.pl\/wp-content\/uploads\/2023\/08\/katalog_banery_kategorii_rolety_rzymskie_uni-1024x256.jpg 1024w, https:\/\/borzecki.com.pl\/wp-content\/uploads\/2023\/08\/katalog_banery_kategorii_rolety_rzymskie_uni-768x192.jpg 768w, https:\/\/borzecki.com.pl\/wp-content\/uploads\/2023\/08\/katalog_banery_kategorii_rolety_rzymskie_uni-600x150.jpg 600w, https:\/\/borzecki.com.pl\/wp-content\/uploads\/2023\/08\/katalog_banery_kategorii_rolety_rzymskie_uni-280x70.jpg 280w, https:\/\/borzecki.com.pl\/wp-content\/uploads\/2023\/08\/katalog_banery_kategorii_rolety_rzymskie_uni.jpg 1280w\" sizes=\"(max-width: 300px) 100vw, 300px\" \/><\/div><\/a>\n\t\t\t\t<div class=\"elementor-post__badge\">Os\u0142ony wewn\u0119trzne<\/div>\n\t\t\t\t<div class=\"elementor-post__text\">\n\t\t\t\t<h3 class=\"elementor-post__title\">\n\t\t\t<a href=\"https:\/\/borzecki.com.pl\/index.php\/2023\/08\/25\/rolety-rzymskie\/\" >\n\t\t\t\tRolety Rzymskie\t\t\t<\/a>\n\t\t<\/h3>\n\t\t\n\t\t<a class=\"elementor-post__read-more\" href=\"https:\/\/borzecki.com.pl\/index.php\/2023\/08\/25\/rolety-rzymskie\/\" aria-label=\"Read more about Rolety Rzymskie\" tabindex=\"-1\" >\n\t\t\tWi\u0119cej informacji \u00bb\t\t<\/a>\n\n\t\t\t\t<\/div>\n\t\t\t\t\t<\/div>\n\t\t<\/article>\n\t\t\t\t<article class=\"elementor-post elementor-grid-item post-1469 post type-post status-publish format-standard has-post-thumbnail hentry category-oslony_wewnetrzne\">\n\t\t\t<div class=\"elementor-post__card\">\n\t\t\t\t<a class=\"elementor-post__thumbnail__link\" href=\"https:\/\/borzecki.com.pl\/index.php\/2023\/08\/25\/rolety-materialowe\/\" tabindex=\"-1\" ><div class=\"elementor-post__thumbnail\"><img loading=\"lazy\" width=\"300\" height=\"75\" src=\"https:\/\/borzecki.com.pl\/wp-content\/uploads\/2023\/08\/katalog_banery_kategorii_rolety_material_uni-300x75.jpg\" class=\"attachment-medium size-medium wp-image-1470\" alt=\"\" decoding=\"async\" srcset=\"https:\/\/borzecki.com.pl\/wp-content\/uploads\/2023\/08\/katalog_banery_kategorii_rolety_material_uni-300x75.jpg 300w, https:\/\/borzecki.com.pl\/wp-content\/uploads\/2023\/08\/katalog_banery_kategorii_rolety_material_uni-1024x256.jpg 1024w, https:\/\/borzecki.com.pl\/wp-content\/uploads\/2023\/08\/katalog_banery_kategorii_rolety_material_uni-768x192.jpg 768w, https:\/\/borzecki.com.pl\/wp-content\/uploads\/2023\/08\/katalog_banery_kategorii_rolety_material_uni-600x150.jpg 600w, https:\/\/borzecki.com.pl\/wp-content\/uploads\/2023\/08\/katalog_banery_kategorii_rolety_material_uni-280x70.jpg 280w, https:\/\/borzecki.com.pl\/wp-content\/uploads\/2023\/08\/katalog_banery_kategorii_rolety_material_uni.jpg 1280w\" sizes=\"(max-width: 300px) 100vw, 300px\" \/><\/div><\/a>\n\t\t\t\t<div class=\"elementor-post__badge\">Os\u0142ony wewn\u0119trzne<\/div>\n\t\t\t\t<div class=\"elementor-post__text\">\n\t\t\t\t<h3 class=\"elementor-post__title\">\n\t\t\t<a href=\"https:\/\/borzecki.com.pl\/index.php\/2023\/08\/25\/rolety-materialowe\/\" >\n\t\t\t\tRolety materia\u0142owe\t\t\t<\/a>\n\t\t<\/h3>\n\t\t\n\t\t<a class=\"elementor-post__read-more\" href=\"https:\/\/borzecki.com.pl\/index.php\/2023\/08\/25\/rolety-materialowe\/\" aria-label=\"Read more about Rolety materia\u0142owe\" tabindex=\"-1\" >\n\t\t\tWi\u0119cej informacji \u00bb\t\t<\/a>\n\n\t\t\t\t<\/div>\n\t\t\t\t\t<\/div>\n\t\t<\/article>\n\t\t\t\t<article class=\"elementor-post elementor-grid-item post-1451 post type-post status-publish format-standard has-post-thumbnail hentry category-oslony_wewnetrzne\">\n\t\t\t<div class=\"elementor-post__card\">\n\t\t\t\t<a class=\"elementor-post__thumbnail__link\" href=\"https:\/\/borzecki.com.pl\/index.php\/2023\/08\/25\/karnisze\/\" tabindex=\"-1\" ><div class=\"elementor-post__thumbnail\"><img loading=\"lazy\" width=\"300\" height=\"240\" src=\"https:\/\/borzecki.com.pl\/wp-content\/uploads\/2019\/04\/karnisz-metalowy-1-300x240.jpg\" class=\"attachment-medium size-medium wp-image-215\" alt=\"karnisz metalowy\" decoding=\"async\" srcset=\"https:\/\/borzecki.com.pl\/wp-content\/uploads\/2019\/04\/karnisz-metalowy-1-300x240.jpg 300w, https:\/\/borzecki.com.pl\/wp-content\/uploads\/2019\/04\/karnisz-metalowy-1-200x160.jpg 200w, https:\/\/borzecki.com.pl\/wp-content\/uploads\/2019\/04\/karnisz-metalowy-1.jpg 512w\" sizes=\"(max-width: 300px) 100vw, 300px\" \/><\/div><\/a>\n\t\t\t\t<div class=\"elementor-post__badge\">Os\u0142ony wewn\u0119trzne<\/div>\n\t\t\t\t<div class=\"elementor-post__text\">\n\t\t\t\t<h3 class=\"elementor-post__title\">\n\t\t\t<a href=\"https:\/\/borzecki.com.pl\/index.php\/2023\/08\/25\/karnisze\/\" >\n\t\t\t\tKarnisze\t\t\t<\/a>\n\t\t<\/h3>\n\t\t\n\t\t<a class=\"elementor-post__read-more\" href=\"https:\/\/borzecki.com.pl\/index.php\/2023\/08\/25\/karnisze\/\" aria-label=\"Read more about Karnisze\" tabindex=\"-1\" >\n\t\t\tWi\u0119cej informacji \u00bb\t\t<\/a>\n\n\t\t\t\t<\/div>\n\t\t\t\t\t<\/div>\n\t\t<\/article>\n\t\t\t\t<article class=\"elementor-post elementor-grid-item post-1453 post type-post status-publish format-standard has-post-thumbnail hentry category-oslony_wewnetrzne\">\n\t\t\t<div class=\"elementor-post__card\">\n\t\t\t\t<a class=\"elementor-post__thumbnail__link\" href=\"https:\/\/borzecki.com.pl\/index.php\/2023\/08\/25\/rolety-dzien-noc\/\" tabindex=\"-1\" ><div class=\"elementor-post__thumbnail\"><img loading=\"lazy\" width=\"300\" height=\"195\" src=\"https:\/\/borzecki.com.pl\/wp-content\/uploads\/2019\/05\/Foto_3098_impresja_mini_lux-e1557213888816-300x195.jpg\" class=\"attachment-medium size-medium wp-image-134\" alt=\"rolety dzien-noc\" decoding=\"async\" srcset=\"https:\/\/borzecki.com.pl\/wp-content\/uploads\/2019\/05\/Foto_3098_impresja_mini_lux-e1557213888816-300x195.jpg 300w, https:\/\/borzecki.com.pl\/wp-content\/uploads\/2019\/05\/Foto_3098_impresja_mini_lux-e1557213888816-768x500.jpg 768w, https:\/\/borzecki.com.pl\/wp-content\/uploads\/2019\/05\/Foto_3098_impresja_mini_lux-e1557213888816-600x390.jpg 600w, https:\/\/borzecki.com.pl\/wp-content\/uploads\/2019\/05\/Foto_3098_impresja_mini_lux-e1557213888816-246x160.jpg 246w, https:\/\/borzecki.com.pl\/wp-content\/uploads\/2019\/05\/Foto_3098_impresja_mini_lux-e1557213888816.jpg 816w\" sizes=\"(max-width: 300px) 100vw, 300px\" \/><\/div><\/a>\n\t\t\t\t<div class=\"elementor-post__badge\">Os\u0142ony wewn\u0119trzne<\/div>\n\t\t\t\t<div class=\"elementor-post__text\">\n\t\t\t\t<h3 class=\"elementor-post__title\">\n\t\t\t<a href=\"https:\/\/borzecki.com.pl\/index.php\/2023\/08\/25\/rolety-dzien-noc\/\" >\n\t\t\t\tRolety dzie\u0144 &amp; noc\t\t\t<\/a>\n\t\t<\/h3>\n\t\t\n\t\t<a class=\"elementor-post__read-more\" href=\"https:\/\/borzecki.com.pl\/index.php\/2023\/08\/25\/rolety-dzien-noc\/\" aria-label=\"Read more about Rolety dzie\u0144 &amp; noc\" tabindex=\"-1\" >\n\t\t\tWi\u0119cej informacji \u00bb\t\t<\/a>\n\n\t\t\t\t<\/div>\n\t\t\t\t\t<\/div>\n\t\t<\/article>\n\t\t\t\t<article class=\"elementor-post elementor-grid-item post-1461 post type-post status-publish format-standard has-post-thumbnail hentry category-oslony_wewnetrzne\">\n\t\t\t<div class=\"elementor-post__card\">\n\t\t\t\t<a class=\"elementor-post__thumbnail__link\" href=\"https:\/\/borzecki.com.pl\/index.php\/2023\/08\/25\/zaluzje-plisowane-tzw-plisy\/\" tabindex=\"-1\" ><div class=\"elementor-post__thumbnail\"><img loading=\"lazy\" width=\"200\" height=\"300\" src=\"https:\/\/borzecki.com.pl\/wp-content\/uploads\/2022\/03\/plisy-4-200x300.jpg\" class=\"attachment-medium size-medium wp-image-907\" alt=\"\" decoding=\"async\" srcset=\"https:\/\/borzecki.com.pl\/wp-content\/uploads\/2022\/03\/plisy-4-200x300.jpg 200w, https:\/\/borzecki.com.pl\/wp-content\/uploads\/2022\/03\/plisy-4-400x600.jpg 400w, https:\/\/borzecki.com.pl\/wp-content\/uploads\/2022\/03\/plisy-4-107x160.jpg 107w, https:\/\/borzecki.com.pl\/wp-content\/uploads\/2022\/03\/plisy-4.jpg 600w\" sizes=\"(max-width: 200px) 100vw, 200px\" \/><\/div><\/a>\n\t\t\t\t<div class=\"elementor-post__badge\">Os\u0142ony wewn\u0119trzne<\/div>\n\t\t\t\t<div class=\"elementor-post__text\">\n\t\t\t\t<h3 class=\"elementor-post__title\">\n\t\t\t<a href=\"https:\/\/borzecki.com.pl\/index.php\/2023\/08\/25\/zaluzje-plisowane-tzw-plisy\/\" >\n\t\t\t\t\u017baluzje plisowane tzw. &#8222;Plisy&#8221;\t\t\t<\/a>\n\t\t<\/h3>\n\t\t\n\t\t<a class=\"elementor-post__read-more\" href=\"https:\/\/borzecki.com.pl\/index.php\/2023\/08\/25\/zaluzje-plisowane-tzw-plisy\/\" aria-label=\"Read more about \u017baluzje plisowane tzw. &#8222;Plisy&#8221;\" tabindex=\"-1\" >\n\t\t\tWi\u0119cej informacji \u00bb\t\t<\/a>\n\n\t\t\t\t<\/div>\n\t\t\t\t\t<\/div>\n\t\t<\/article>\n\t\t\t\t<article class=\"elementor-post elementor-grid-item post-1465 post type-post status-publish format-standard has-post-thumbnail hentry category-oslony_wewnetrzne\">\n\t\t\t<div class=\"elementor-post__card\">\n\t\t\t\t<a class=\"elementor-post__thumbnail__link\" href=\"https:\/\/borzecki.com.pl\/index.php\/2023\/08\/25\/zaluzje-aluminiowe\/\" tabindex=\"-1\" ><div class=\"elementor-post__thumbnail\"><img loading=\"lazy\" width=\"300\" height=\"75\" src=\"https:\/\/borzecki.com.pl\/wp-content\/uploads\/2023\/08\/katalog_banery_kategorii_zaluzje_alu_uni-300x75.jpg\" class=\"attachment-medium size-medium wp-image-1466\" alt=\"\" decoding=\"async\" srcset=\"https:\/\/borzecki.com.pl\/wp-content\/uploads\/2023\/08\/katalog_banery_kategorii_zaluzje_alu_uni-300x75.jpg 300w, https:\/\/borzecki.com.pl\/wp-content\/uploads\/2023\/08\/katalog_banery_kategorii_zaluzje_alu_uni-1024x256.jpg 1024w, https:\/\/borzecki.com.pl\/wp-content\/uploads\/2023\/08\/katalog_banery_kategorii_zaluzje_alu_uni-768x192.jpg 768w, https:\/\/borzecki.com.pl\/wp-content\/uploads\/2023\/08\/katalog_banery_kategorii_zaluzje_alu_uni-600x150.jpg 600w, https:\/\/borzecki.com.pl\/wp-content\/uploads\/2023\/08\/katalog_banery_kategorii_zaluzje_alu_uni-280x70.jpg 280w, https:\/\/borzecki.com.pl\/wp-content\/uploads\/2023\/08\/katalog_banery_kategorii_zaluzje_alu_uni.jpg 1280w\" sizes=\"(max-width: 300px) 100vw, 300px\" \/><\/div><\/a>\n\t\t\t\t<div class=\"elementor-post__badge\">Os\u0142ony wewn\u0119trzne<\/div>\n\t\t\t\t<div class=\"elementor-post__text\">\n\t\t\t\t<h3 class=\"elementor-post__title\">\n\t\t\t<a href=\"https:\/\/borzecki.com.pl\/index.php\/2023\/08\/25\/zaluzje-aluminiowe\/\" >\n\t\t\t\t\u017baluzje aluminiowe\t\t\t<\/a>\n\t\t<\/h3>\n\t\t\n\t\t<a class=\"elementor-post__read-more\" href=\"https:\/\/borzecki.com.pl\/index.php\/2023\/08\/25\/zaluzje-aluminiowe\/\" aria-label=\"Read more about \u017baluzje aluminiowe\" tabindex=\"-1\" >\n\t\t\tWi\u0119cej informacji \u00bb\t\t<\/a>\n\n\t\t\t\t<\/div>\n\t\t\t\t\t<\/div>\n\t\t<\/article>\n\t\t\t\t<\/div>\n\t\t\n\t\t\t\t<\/div>\n\t\t\t\t<\/div>\n\t\t\t\t\t<\/div>\n\t\t<\/div>\n\t\t\t\t\t\t\t<\/div>\n\t\t<\/section>\n\t\t\t\t\t\t\t<\/div>\n\t\t","protected":false},"excerpt":{"rendered":"<p>Wstecz Os\u0142ony montowane wewn\u0105trz dom\u00f3w chroni\u0105 pomieszczenia przed s\u0142o\u0144cem oraz niechcianymi spojrzeniami s\u0105siad\u00f3w i przechodni\u00f3w. Odpowiednio wysterowane pozwalaj\u0105 decydowa\u0107 o<\/p>\n","protected":false},"author":1,"featured_media":914,"parent":0,"menu_order":0,"comment_status":"closed","ping_status":"closed","template":"","meta":{"footnotes":""},"_links":{"self":[{"href":"https:\/\/borzecki.com.pl\/index.php\/wp-json\/wp\/v2\/pages\/1578"}],"collection":[{"href":"https:\/\/borzecki.com.pl\/index.php\/wp-json\/wp\/v2\/pages"}],"about":[{"href":"https:\/\/borzecki.com.pl\/index.php\/wp-json\/wp\/v2\/types\/page"}],"author":[{"embeddable":true,"href":"https:\/\/borzecki.com.pl\/index.php\/wp-json\/wp\/v2\/users\/1"}],"replies":[{"embeddable":true,"href":"https:\/\/borzecki.com.pl\/index.php\/wp-json\/wp\/v2\/comments?post=1578"}],"version-history":[{"count":33,"href":"https:\/\/borzecki.com.pl\/index.php\/wp-json\/wp\/v2\/pages\/1578\/revisions"}],"predecessor-version":[{"id":1812,"href":"https:\/\/borzecki.com.pl\/index.php\/wp-json\/wp\/v2\/pages\/1578\/revisions\/1812"}],"wp:featuredmedia":[{"embeddable":true,"href":"https:\/\/borzecki.com.pl\/index.php\/wp-json\/wp\/v2\/media\/914"}],"wp:attachment":[{"href":"https:\/\/borzecki.com.pl\/index.php\/wp-json\/wp\/v2\/media?parent=1578"}],"curies":[{"name":"wp","href":"https:\/\/api.w.org\/{rel}","templated":true}]}}