{"id":1523,"date":"2023-08-26T12:17:00","date_gmt":"2023-08-26T10:17:00","guid":{"rendered":"https:\/\/borzecki.com.pl\/?page_id=1523"},"modified":"2023-08-30T16:33:33","modified_gmt":"2023-08-30T14:33:33","slug":"oslony-zewnetrzne","status":"publish","type":"page","link":"https:\/\/borzecki.com.pl\/index.php\/oslony-zewnetrzne\/","title":{"rendered":"OS\u0141ONY ZEWN\u0118TRZNE"},"content":{"rendered":"\t\t<div data-elementor-type=\"wp-page\" data-elementor-id=\"1523\" class=\"elementor elementor-1523\" data-elementor-post-type=\"page\">\n\t\t\t\t\t\t\t\t\t<section class=\"elementor-section elementor-top-section elementor-element elementor-element-e1b7982 elementor-section-boxed elementor-section-height-default elementor-section-height-default\" data-id=\"e1b7982\" data-element_type=\"section\">\n\t\t\t\t\t\t<div class=\"elementor-container elementor-column-gap-default\">\n\t\t\t\t\t<div class=\"elementor-column elementor-col-100 elementor-top-column elementor-element elementor-element-81cb3f7\" data-id=\"81cb3f7\" data-element_type=\"column\">\n\t\t\t<div class=\"elementor-widget-wrap elementor-element-populated\">\n\t\t\t\t\t\t\t\t<div class=\"elementor-element elementor-element-919d96a elementor-widget elementor-widget-heading\" data-id=\"919d96a\" data-element_type=\"widget\" data-widget_type=\"heading.default\">\n\t\t\t\t<div class=\"elementor-widget-container\">\n\t\t\t<h2 class=\"elementor-heading-title elementor-size-default\">OS\u0141ONY ZEWN\u0118TRZNE<\/h2>\t\t<\/div>\n\t\t\t\t<\/div>\n\t\t\t\t<div class=\"elementor-element elementor-element-c229a42 elementor-widget elementor-widget-image\" data-id=\"c229a42\" data-element_type=\"widget\" data-widget_type=\"image.default\">\n\t\t\t\t<div class=\"elementor-widget-container\">\n\t\t\t\t\t\t\t\t\t\t\t\t\t\t\t<img decoding=\"async\" loading=\"lazy\" width=\"1280\" height=\"320\" src=\"https:\/\/borzecki.com.pl\/wp-content\/uploads\/2023\/08\/katalog_banery_kategorii_rolety_screen_uni.jpg\" class=\"attachment-full size-full wp-image-1497\" alt=\"\" srcset=\"https:\/\/borzecki.com.pl\/wp-content\/uploads\/2023\/08\/katalog_banery_kategorii_rolety_screen_uni.jpg 1280w, https:\/\/borzecki.com.pl\/wp-content\/uploads\/2023\/08\/katalog_banery_kategorii_rolety_screen_uni-300x75.jpg 300w, https:\/\/borzecki.com.pl\/wp-content\/uploads\/2023\/08\/katalog_banery_kategorii_rolety_screen_uni-1024x256.jpg 1024w, https:\/\/borzecki.com.pl\/wp-content\/uploads\/2023\/08\/katalog_banery_kategorii_rolety_screen_uni-768x192.jpg 768w, https:\/\/borzecki.com.pl\/wp-content\/uploads\/2023\/08\/katalog_banery_kategorii_rolety_screen_uni-600x150.jpg 600w, https:\/\/borzecki.com.pl\/wp-content\/uploads\/2023\/08\/katalog_banery_kategorii_rolety_screen_uni-280x70.jpg 280w\" sizes=\"(max-width: 1280px) 100vw, 1280px\" \/>\t\t\t\t\t\t\t\t\t\t\t\t\t\t\t<\/div>\n\t\t\t\t<\/div>\n\t\t\t\t<div class=\"elementor-element elementor-element-c9574af elementor-widget elementor-widget-button\" data-id=\"c9574af\" data-element_type=\"widget\" id=\"go-back\" data-widget_type=\"button.default\">\n\t\t\t\t<div class=\"elementor-widget-container\">\n\t\t\t\t\t<div class=\"elementor-button-wrapper\">\n\t\t\t<a class=\"elementor-button elementor-button-link elementor-size-sm\" href=\"#\">\n\t\t\t\t\t\t<span class=\"elementor-button-content-wrapper\">\n\t\t\t\t\t\t<span class=\"elementor-button-icon elementor-align-icon-left\">\n\t\t\t\t<i aria-hidden=\"true\" class=\"fas fa-chevron-left\"><\/i>\t\t\t<\/span>\n\t\t\t\t\t\t<span class=\"elementor-button-text\">Wstecz<\/span>\n\t\t<\/span>\n\t\t\t\t\t<\/a>\n\t\t<\/div>\n\t\t\t\t<\/div>\n\t\t\t\t<\/div>\n\t\t\t\t<div class=\"elementor-element elementor-element-d4cdbae elementor-widget elementor-widget-html\" data-id=\"d4cdbae\" data-element_type=\"widget\" data-widget_type=\"html.default\">\n\t\t\t\t<div class=\"elementor-widget-container\">\n\t\t\t<script>\n    document.getElementById(\"go-back\").addEventListener(\"click\", () => {\n  history.back();\n});\n<\/script>\t\t<\/div>\n\t\t\t\t<\/div>\n\t\t\t\t<div class=\"elementor-element elementor-element-726c5ce elementor-widget elementor-widget-text-editor\" data-id=\"726c5ce\" data-element_type=\"widget\" data-widget_type=\"text-editor.default\">\n\t\t\t\t<div class=\"elementor-widget-container\">\n\t\t\t\t\t\t\t<p>Zewn\u0119trzne os\u0142ony okienne poprawiaj\u0105 izolacj\u0119 termiczn\u0105 i akustyczn\u0105 okien. Ustawione w pozycji zamkni\u0119tej, chroni\u0105 otwory okienne i elewacj\u0119 przed niekorzystnymi warunkami atmosferycznymi. Wybrane w odpowiednim systemie i konfiguracji, zwi\u0119ksz\u0105 tak\u017ce bezpiecze\u0144stwo domu przed w\u0142amaniem.<\/p><p>Nowe technologie umo\u017cliwiaj\u0105 pod\u0142\u0105czenie rolet i \u017caluzji do systemu inteligentnego zarz\u0105dzania budynkiem. Wyposa\u017cone w czujniki pogodowe mog\u0105 mierzy\u0107 si\u0142\u0119 wiatru, temperatur\u0119, nas\u0142onecznienie oraz opady. Odpowiednio zaprogramowane b\u0119d\u0105 r\u00f3wnie\u017c podnosi\u0142y si\u0119 i opuszcza\u0142y, uwzgl\u0119dniaj\u0105c obecno\u015b\u0107 lub nieobecno\u015b\u0107 w\u0142a\u015bcicieli.<\/p><p>W naszej ofercie znajdziesz rolety zewn\u0119trzne, \u017caluzje fasadowe, rolety &#8222;screen&#8221; oraz moskitiery. Dost\u0119pne w zr\u00f3\u017cnicowanych wariantach kolorystycznych wpasuj\u0105 si\u0119 w architektur\u0119 budynk\u00f3w tradycyjnych, jak i nowoczesnych obiekt\u00f3w.<\/p>\t\t\t\t\t\t<\/div>\n\t\t\t\t<\/div>\n\t\t\t\t<div class=\"elementor-element elementor-element-0afd3ed elementor-grid-2 elementor-grid-tablet-2 elementor-grid-mobile-1 elementor-posts--thumbnail-top elementor-card-shadow-yes elementor-posts__hover-gradient elementor-widget elementor-widget-posts\" data-id=\"0afd3ed\" data-element_type=\"widget\" data-settings=\"{&quot;cards_columns&quot;:&quot;2&quot;,&quot;cards_columns_tablet&quot;:&quot;2&quot;,&quot;cards_columns_mobile&quot;:&quot;1&quot;,&quot;cards_row_gap&quot;:{&quot;unit&quot;:&quot;px&quot;,&quot;size&quot;:35,&quot;sizes&quot;:[]},&quot;cards_row_gap_tablet&quot;:{&quot;unit&quot;:&quot;px&quot;,&quot;size&quot;:&quot;&quot;,&quot;sizes&quot;:[]},&quot;cards_row_gap_mobile&quot;:{&quot;unit&quot;:&quot;px&quot;,&quot;size&quot;:&quot;&quot;,&quot;sizes&quot;:[]}}\" data-widget_type=\"posts.cards\">\n\t\t\t\t<div class=\"elementor-widget-container\">\n\t\t\t\t\t<div class=\"elementor-posts-container elementor-posts elementor-posts--skin-cards elementor-grid\">\n\t\t\t\t<article class=\"elementor-post elementor-grid-item post-1492 post type-post status-publish format-standard has-post-thumbnail hentry category-oslony_zewnetrzne\">\n\t\t\t<div class=\"elementor-post__card\">\n\t\t\t\t<a class=\"elementor-post__thumbnail__link\" href=\"https:\/\/borzecki.com.pl\/index.php\/2023\/08\/26\/moskitiery\/\" tabindex=\"-1\" ><div class=\"elementor-post__thumbnail\"><img loading=\"lazy\" width=\"200\" height=\"300\" src=\"https:\/\/borzecki.com.pl\/wp-content\/uploads\/2019\/04\/moskitiera-1-760x760-200x300.png\" class=\"attachment-medium size-medium wp-image-53\" alt=\"Moskitiery\" decoding=\"async\" srcset=\"https:\/\/borzecki.com.pl\/wp-content\/uploads\/2019\/04\/moskitiera-1-760x760-200x300.png 200w, https:\/\/borzecki.com.pl\/wp-content\/uploads\/2019\/04\/moskitiera-1-760x760-399x600.png 399w, https:\/\/borzecki.com.pl\/wp-content\/uploads\/2019\/04\/moskitiera-1-760x760-107x160.png 107w, https:\/\/borzecki.com.pl\/wp-content\/uploads\/2019\/04\/moskitiera-1-760x760.png 506w\" sizes=\"(max-width: 200px) 100vw, 200px\" \/><\/div><\/a>\n\t\t\t\t<div class=\"elementor-post__badge\">Os\u0142ony zewn\u0119trzne<\/div>\n\t\t\t\t<div class=\"elementor-post__text\">\n\t\t\t\t<h3 class=\"elementor-post__title\">\n\t\t\t<a href=\"https:\/\/borzecki.com.pl\/index.php\/2023\/08\/26\/moskitiery\/\" >\n\t\t\t\tMoskitiery\t\t\t<\/a>\n\t\t<\/h3>\n\t\t\n\t\t<a class=\"elementor-post__read-more\" href=\"https:\/\/borzecki.com.pl\/index.php\/2023\/08\/26\/moskitiery\/\" aria-label=\"Read more about Moskitiery\" tabindex=\"-1\" >\n\t\t\tWi\u0119cej informacji \u00bb\t\t<\/a>\n\n\t\t\t\t<\/div>\n\t\t\t\t\t<\/div>\n\t\t<\/article>\n\t\t\t\t<article class=\"elementor-post elementor-grid-item post-1496 post type-post status-publish format-standard has-post-thumbnail hentry category-oslony_zewnetrzne\">\n\t\t\t<div class=\"elementor-post__card\">\n\t\t\t\t<a class=\"elementor-post__thumbnail__link\" href=\"https:\/\/borzecki.com.pl\/index.php\/2023\/08\/26\/roleta-screen\/\" tabindex=\"-1\" ><div class=\"elementor-post__thumbnail\"><img loading=\"lazy\" width=\"225\" height=\"300\" src=\"https:\/\/borzecki.com.pl\/wp-content\/uploads\/2020\/01\/Roleta_screen_Karcma_Hajnos_03-225x300.jpg\" class=\"attachment-medium size-medium wp-image-410\" alt=\"Roleta Screen Karcma Hajnos\" decoding=\"async\" srcset=\"https:\/\/borzecki.com.pl\/wp-content\/uploads\/2020\/01\/Roleta_screen_Karcma_Hajnos_03-225x300.jpg 225w, https:\/\/borzecki.com.pl\/wp-content\/uploads\/2020\/01\/Roleta_screen_Karcma_Hajnos_03-450x600.jpg 450w, https:\/\/borzecki.com.pl\/wp-content\/uploads\/2020\/01\/Roleta_screen_Karcma_Hajnos_03-120x160.jpg 120w, https:\/\/borzecki.com.pl\/wp-content\/uploads\/2020\/01\/Roleta_screen_Karcma_Hajnos_03.jpg 720w\" sizes=\"(max-width: 225px) 100vw, 225px\" \/><\/div><\/a>\n\t\t\t\t<div class=\"elementor-post__badge\">Os\u0142ony zewn\u0119trzne<\/div>\n\t\t\t\t<div class=\"elementor-post__text\">\n\t\t\t\t<h3 class=\"elementor-post__title\">\n\t\t\t<a href=\"https:\/\/borzecki.com.pl\/index.php\/2023\/08\/26\/roleta-screen\/\" >\n\t\t\t\tRoleta screen\t\t\t<\/a>\n\t\t<\/h3>\n\t\t\n\t\t<a class=\"elementor-post__read-more\" href=\"https:\/\/borzecki.com.pl\/index.php\/2023\/08\/26\/roleta-screen\/\" aria-label=\"Read more about Roleta screen\" tabindex=\"-1\" >\n\t\t\tWi\u0119cej informacji \u00bb\t\t<\/a>\n\n\t\t\t\t<\/div>\n\t\t\t\t\t<\/div>\n\t\t<\/article>\n\t\t\t\t<article class=\"elementor-post elementor-grid-item post-1501 post type-post status-publish format-standard has-post-thumbnail hentry category-oslony_zewnetrzne\">\n\t\t\t<div class=\"elementor-post__card\">\n\t\t\t\t<a class=\"elementor-post__thumbnail__link\" href=\"https:\/\/borzecki.com.pl\/index.php\/2023\/08\/26\/rolety-zewnetrzne\/\" tabindex=\"-1\" ><div class=\"elementor-post__thumbnail\"><img loading=\"lazy\" width=\"300\" height=\"234\" src=\"https:\/\/borzecki.com.pl\/wp-content\/uploads\/2022\/03\/kat_zewnetrznea_hor-300x234.jpg\" class=\"attachment-medium size-medium wp-image-810\" alt=\"\" decoding=\"async\" srcset=\"https:\/\/borzecki.com.pl\/wp-content\/uploads\/2022\/03\/kat_zewnetrznea_hor-300x234.jpg 300w, https:\/\/borzecki.com.pl\/wp-content\/uploads\/2022\/03\/kat_zewnetrznea_hor-205x160.jpg 205w, https:\/\/borzecki.com.pl\/wp-content\/uploads\/2022\/03\/kat_zewnetrznea_hor.jpg 512w\" sizes=\"(max-width: 300px) 100vw, 300px\" \/><\/div><\/a>\n\t\t\t\t<div class=\"elementor-post__badge\">Os\u0142ony zewn\u0119trzne<\/div>\n\t\t\t\t<div class=\"elementor-post__text\">\n\t\t\t\t<h3 class=\"elementor-post__title\">\n\t\t\t<a href=\"https:\/\/borzecki.com.pl\/index.php\/2023\/08\/26\/rolety-zewnetrzne\/\" >\n\t\t\t\tRolety zewn\u0119trzne\t\t\t<\/a>\n\t\t<\/h3>\n\t\t\n\t\t<a class=\"elementor-post__read-more\" href=\"https:\/\/borzecki.com.pl\/index.php\/2023\/08\/26\/rolety-zewnetrzne\/\" aria-label=\"Read more about Rolety zewn\u0119trzne\" tabindex=\"-1\" >\n\t\t\tWi\u0119cej informacji \u00bb\t\t<\/a>\n\n\t\t\t\t<\/div>\n\t\t\t\t\t<\/div>\n\t\t<\/article>\n\t\t\t\t<article class=\"elementor-post elementor-grid-item post-1505 post type-post status-publish format-standard has-post-thumbnail hentry category-oslony_zewnetrzne\">\n\t\t\t<div class=\"elementor-post__card\">\n\t\t\t\t<a class=\"elementor-post__thumbnail__link\" href=\"https:\/\/borzecki.com.pl\/index.php\/2023\/08\/26\/zaluzje-fasadowe\/\" tabindex=\"-1\" ><div class=\"elementor-post__thumbnail\"><img loading=\"lazy\" width=\"300\" height=\"169\" src=\"https:\/\/borzecki.com.pl\/wp-content\/uploads\/2022\/03\/anwis-zaluzja-fasadowa-f-2-570x380-1-300x169.png\" class=\"attachment-medium size-medium wp-image-951\" alt=\"\" decoding=\"async\" srcset=\"https:\/\/borzecki.com.pl\/wp-content\/uploads\/2022\/03\/anwis-zaluzja-fasadowa-f-2-570x380-1-300x169.png 300w, https:\/\/borzecki.com.pl\/wp-content\/uploads\/2022\/03\/anwis-zaluzja-fasadowa-f-2-570x380-1-280x158.png 280w, https:\/\/borzecki.com.pl\/wp-content\/uploads\/2022\/03\/anwis-zaluzja-fasadowa-f-2-570x380-1.png 565w\" sizes=\"(max-width: 300px) 100vw, 300px\" \/><\/div><\/a>\n\t\t\t\t<div class=\"elementor-post__badge\">Os\u0142ony zewn\u0119trzne<\/div>\n\t\t\t\t<div class=\"elementor-post__text\">\n\t\t\t\t<h3 class=\"elementor-post__title\">\n\t\t\t<a href=\"https:\/\/borzecki.com.pl\/index.php\/2023\/08\/26\/zaluzje-fasadowe\/\" >\n\t\t\t\t\u017baluzje fasadowe\t\t\t<\/a>\n\t\t<\/h3>\n\t\t\n\t\t<a class=\"elementor-post__read-more\" href=\"https:\/\/borzecki.com.pl\/index.php\/2023\/08\/26\/zaluzje-fasadowe\/\" aria-label=\"Read more about \u017baluzje fasadowe\" tabindex=\"-1\" >\n\t\t\tWi\u0119cej informacji \u00bb\t\t<\/a>\n\n\t\t\t\t<\/div>\n\t\t\t\t\t<\/div>\n\t\t<\/article>\n\t\t\t\t<article class=\"elementor-post elementor-grid-item post-1488 post type-post status-publish format-standard has-post-thumbnail hentry category-oslony_zewnetrzne\">\n\t\t\t<div class=\"elementor-post__card\">\n\t\t\t\t<a class=\"elementor-post__thumbnail__link\" href=\"https:\/\/borzecki.com.pl\/index.php\/2023\/08\/26\/markizy\/\" tabindex=\"-1\" ><div class=\"elementor-post__thumbnail\"><img loading=\"lazy\" width=\"300\" height=\"225\" src=\"https:\/\/borzecki.com.pl\/wp-content\/uploads\/2020\/01\/Markizy_-Wlokno_2-300x225.jpg\" class=\"attachment-medium size-medium wp-image-443\" alt=\"Markizy Rynek Nowy Targ\" decoding=\"async\" srcset=\"https:\/\/borzecki.com.pl\/wp-content\/uploads\/2020\/01\/Markizy_-Wlokno_2-300x225.jpg 300w, https:\/\/borzecki.com.pl\/wp-content\/uploads\/2020\/01\/Markizy_-Wlokno_2-768x576.jpg 768w, https:\/\/borzecki.com.pl\/wp-content\/uploads\/2020\/01\/Markizy_-Wlokno_2-600x450.jpg 600w, https:\/\/borzecki.com.pl\/wp-content\/uploads\/2020\/01\/Markizy_-Wlokno_2-213x160.jpg 213w, https:\/\/borzecki.com.pl\/wp-content\/uploads\/2020\/01\/Markizy_-Wlokno_2.jpg 960w\" sizes=\"(max-width: 300px) 100vw, 300px\" \/><\/div><\/a>\n\t\t\t\t<div class=\"elementor-post__badge\">Os\u0142ony zewn\u0119trzne<\/div>\n\t\t\t\t<div class=\"elementor-post__text\">\n\t\t\t\t<h3 class=\"elementor-post__title\">\n\t\t\t<a href=\"https:\/\/borzecki.com.pl\/index.php\/2023\/08\/26\/markizy\/\" >\n\t\t\t\tMarkizy\t\t\t<\/a>\n\t\t<\/h3>\n\t\t\n\t\t<a class=\"elementor-post__read-more\" href=\"https:\/\/borzecki.com.pl\/index.php\/2023\/08\/26\/markizy\/\" aria-label=\"Read more about Markizy\" tabindex=\"-1\" >\n\t\t\tWi\u0119cej informacji \u00bb\t\t<\/a>\n\n\t\t\t\t<\/div>\n\t\t\t\t\t<\/div>\n\t\t<\/article>\n\t\t\t\t<\/div>\n\t\t\n\t\t\t\t<\/div>\n\t\t\t\t<\/div>\n\t\t\t\t\t<\/div>\n\t\t<\/div>\n\t\t\t\t\t\t\t<\/div>\n\t\t<\/section>\n\t\t\t\t\t\t\t<\/div>\n\t\t","protected":false},"excerpt":{"rendered":"<p>Wstecz Zewn\u0119trzne os\u0142ony okienne poprawiaj\u0105 izolacj\u0119 termiczn\u0105 i akustyczn\u0105 okien. Ustawione w pozycji zamkni\u0119tej, chroni\u0105 otwory okienne i elewacj\u0119 przed<\/p>\n","protected":false},"author":1,"featured_media":131,"parent":0,"menu_order":0,"comment_status":"closed","ping_status":"closed","template":"","meta":{"footnotes":""},"_links":{"self":[{"href":"https:\/\/borzecki.com.pl\/index.php\/wp-json\/wp\/v2\/pages\/1523"}],"collection":[{"href":"https:\/\/borzecki.com.pl\/index.php\/wp-json\/wp\/v2\/pages"}],"about":[{"href":"https:\/\/borzecki.com.pl\/index.php\/wp-json\/wp\/v2\/types\/page"}],"author":[{"embeddable":true,"href":"https:\/\/borzecki.com.pl\/index.php\/wp-json\/wp\/v2\/users\/1"}],"replies":[{"embeddable":true,"href":"https:\/\/borzecki.com.pl\/index.php\/wp-json\/wp\/v2\/comments?post=1523"}],"version-history":[{"count":54,"href":"https:\/\/borzecki.com.pl\/index.php\/wp-json\/wp\/v2\/pages\/1523\/revisions"}],"predecessor-version":[{"id":1813,"href":"https:\/\/borzecki.com.pl\/index.php\/wp-json\/wp\/v2\/pages\/1523\/revisions\/1813"}],"wp:featuredmedia":[{"embeddable":true,"href":"https:\/\/borzecki.com.pl\/index.php\/wp-json\/wp\/v2\/media\/131"}],"wp:attachment":[{"href":"https:\/\/borzecki.com.pl\/index.php\/wp-json\/wp\/v2\/media?parent=1523"}],"curies":[{"name":"wp","href":"https:\/\/api.w.org\/{rel}","templated":true}]}}