{"id":1034,"date":"2022-03-14T17:41:34","date_gmt":"2022-03-14T16:41:34","guid":{"rendered":"https:\/\/borzecki.com.pl\/index.php\/imprint\/"},"modified":"2023-09-05T17:35:17","modified_gmt":"2023-09-05T15:35:17","slug":"imprint","status":"publish","type":"page","link":"https:\/\/borzecki.com.pl\/index.php\/imprint\/","title":{"rendered":"Imprint"},"content":{"rendered":"\n<!-- Legal document generated by Complianz | GDPR\/CCPA Cookie Consent https:\/\/wordpress.org\/plugins\/complianz-gdpr -->\n<div id=\"cmplz-document\" class=\"cmplz-document impressum\"><p><i>Ten odcisk zosta\u0142 zaktualizowany 14 marzec 2022.<\/i><\/p><p class=\"cmplz-subtitle\">W\u0142a\u015bcicielem tej witryny jest:<\/p><p>FIRMA HANDLOWO US\u0141UGOWA BORZ\u0118CKI <br>ul. Ko\u015bcielna 12;<br \/>\r\n34-400 Nowy Targ<br>Polska<br>Email:&nbsp;<a href=\"mailto:&#098;iuro&#x40;borzeck&#105;&#046;co&#109;&#x2e;&#112;l\">&#098;iuro&#x40;borzeck&#105;&#046;co&#109;&#x2e;&#112;l<\/a><br>Numer telefonu: 691 354 253<br><br>VAT ID:&nbsp;7352430045<\/p><p class=\"cmplz-subtitle\">Przedstawiciel prawny (przedstawiciele) FIRMA HANDLOWO US\u0141UGOWA BORZ\u0118CKI :<\/p><p>MICHA\u0141 BORZ\u0118CKI<\/p><h2>1. Og\u00f3lne<\/h2><p class=\"cmplz-subtitle\">1.1 Jeste\u015bmy zarejestrowani w CEIDG na podstawie licencji lub numeru rejestracyjnego:<\/p><p>492719649<\/p><p>Nie jeste\u015bmy sk\u0142onni ani zobowi\u0105zani do uczestniczenia w procedurach rozstrzygania spor\u00f3w przed konsumenck\u0105 rad\u0105 arbitra\u017cow\u0105.<\/p><\/div>\n","protected":false},"excerpt":{"rendered":"","protected":false},"author":1,"featured_media":0,"parent":0,"menu_order":0,"comment_status":"closed","ping_status":"closed","template":"","meta":{"footnotes":""},"_links":{"self":[{"href":"https:\/\/borzecki.com.pl\/index.php\/wp-json\/wp\/v2\/pages\/1034"}],"collection":[{"href":"https:\/\/borzecki.com.pl\/index.php\/wp-json\/wp\/v2\/pages"}],"about":[{"href":"https:\/\/borzecki.com.pl\/index.php\/wp-json\/wp\/v2\/types\/page"}],"author":[{"embeddable":true,"href":"https:\/\/borzecki.com.pl\/index.php\/wp-json\/wp\/v2\/users\/1"}],"replies":[{"embeddable":true,"href":"https:\/\/borzecki.com.pl\/index.php\/wp-json\/wp\/v2\/comments?post=1034"}],"version-history":[{"count":1,"href":"https:\/\/borzecki.com.pl\/index.php\/wp-json\/wp\/v2\/pages\/1034\/revisions"}],"predecessor-version":[{"id":1043,"href":"https:\/\/borzecki.com.pl\/index.php\/wp-json\/wp\/v2\/pages\/1034\/revisions\/1043"}],"wp:attachment":[{"href":"https:\/\/borzecki.com.pl\/index.php\/wp-json\/wp\/v2\/media?parent=1034"}],"curies":[{"name":"wp","href":"https:\/\/api.w.org\/{rel}","templated":true}]}}