{"id":2312,"date":"2022-03-14T17:41:34","date_gmt":"2022-03-14T16:41:34","guid":{"rendered":"https:\/\/borzecki.com.pl\/index.php\/imprint\/"},"modified":"2022-03-14T17:41:34","modified_gmt":"2022-03-14T16:41:34","slug":"imprint","status":"publish","type":"page","link":"https:\/\/borzecki.com.pl\/en\/index.php\/imprint\/","title":{"rendered":"Imprint"},"content":{"rendered":"\n<!-- Legal document generated by Complianz | GDPR\/CCPA Cookie Consent https:\/\/wordpress.org\/plugins\/complianz-gdpr -->\n<div id=\"cmplz-document\" class=\"cmplz-document impressum\"><p><i>This imprint was last updated on 14 March 2022.<\/i><\/p><p class=\"cmplz-subtitle\">The owner of this website is:<\/p><p>FIRMA HANDLOWO US\u0141UGOWA BORZ\u0118CKI <br>ul. Ko\u015bcielna 12;<br \/>\r\n34-400 Nowy Targ<br>Poland<br>Email:&nbsp;<a href=\"mailto:biuro&#064;bo&#x72;&#x7a;ec&#107;i&#x2e;&#099;&#111;m&#x2e;pl\">biuro&#064;bo&#x72;&#x7a;ec&#107;i&#x2e;&#099;&#111;m&#x2e;pl<\/a><br>Phone number: 691 354 253<br><br>VAT ID:&nbsp;7352430045<\/p><p class=\"cmplz-subtitle\">The legal representative(s) of FIRMA HANDLOWO US\u0141UGOWA BORZ\u0118CKI :<\/p><p>MICHA\u0141 BORZ\u0118CKI<\/p><h2>1. General<\/h2><p class=\"cmplz-subtitle\">1.1 We are registered at CEIDG under the license or registration number:<\/p><p>492719649<\/p><p>We are not willing or obliged to participate in dispute resolution procedures before a consumer arbitration board.<\/p><\/div>\n","protected":false},"excerpt":{"rendered":"","protected":false},"author":1,"featured_media":0,"parent":0,"menu_order":0,"comment_status":"closed","ping_status":"closed","template":"","meta":{"footnotes":""},"_links":{"self":[{"href":"https:\/\/borzecki.com.pl\/en\/index.php\/wp-json\/wp\/v2\/pages\/2312"}],"collection":[{"href":"https:\/\/borzecki.com.pl\/en\/index.php\/wp-json\/wp\/v2\/pages"}],"about":[{"href":"https:\/\/borzecki.com.pl\/en\/index.php\/wp-json\/wp\/v2\/types\/page"}],"author":[{"embeddable":true,"href":"https:\/\/borzecki.com.pl\/en\/index.php\/wp-json\/wp\/v2\/users\/1"}],"replies":[{"embeddable":true,"href":"https:\/\/borzecki.com.pl\/en\/index.php\/wp-json\/wp\/v2\/comments?post=2312"}],"version-history":[{"count":0,"href":"https:\/\/borzecki.com.pl\/en\/index.php\/wp-json\/wp\/v2\/pages\/2312\/revisions"}],"wp:attachment":[{"href":"https:\/\/borzecki.com.pl\/en\/index.php\/wp-json\/wp\/v2\/media?parent=2312"}],"curies":[{"name":"wp","href":"https:\/\/api.w.org\/{rel}","templated":true}]}}