{"id":2313,"date":"2022-03-14T17:41:34","date_gmt":"2022-03-14T16:41:34","guid":{"rendered":"https:\/\/borzecki.com.pl\/index.php\/imprint\/"},"modified":"2022-03-14T17:41:34","modified_gmt":"2022-03-14T16:41:34","slug":"imprint","status":"publish","type":"page","link":"https:\/\/borzecki.com.pl\/de\/index.php\/imprint\/","title":{"rendered":"Imprint"},"content":{"rendered":"\n<!-- Legal document generated by Complianz | GDPR\/CCPA Cookie Consent https:\/\/wordpress.org\/plugins\/complianz-gdpr -->\n<div id=\"cmplz-document\" class=\"cmplz-document impressum\"><p><i>Dieses Impressum wurde zuletzt am 14 M\u00e4rz 2022 aktualisiert.<\/i><\/p><p class=\"cmplz-subtitle\">Der Eigent\u00fcmer dieser Website ist:<\/p><p>FIRMA HANDLOWO US\u0141UGOWA BORZ\u0118CKI <br>ul. Ko\u015bcielna 12;<br \/>\r\n34-400 Nowy Targ<br>Polen<br>E-Mail:&nbsp;<a href=\"mailto:biu&#x72;o&#x40;borzecki&#046;com&#046;pl\">biu&#x72;o&#x40;borzecki&#046;com&#046;pl<\/a><br>Telefonnummer: 691 354 253<br><br>VAT ID:&nbsp;7352430045<\/p><p class=\"cmplz-subtitle\">Der\/die gesetzliche(n) Vertreter von FIRMA HANDLOWO US\u0141UGOWA BORZ\u0118CKI :<\/p><p>MICHA\u0141 BORZ\u0118CKI<\/p><h2>1. Allgemein<\/h2><p class=\"cmplz-subtitle\">1.1 Wir sind bei CEIDG unter der Lizenz- oder Registrierungsnummer registriert:<\/p><p>492719649<\/p><p>Wir sind nicht bereit oder verpflichtet, an Streitbeilegungsverfahren vor einer Verbraucherschlichtungsstelle teilzunehmen.<\/p><\/div>\n","protected":false},"excerpt":{"rendered":"","protected":false},"author":1,"featured_media":0,"parent":0,"menu_order":0,"comment_status":"closed","ping_status":"closed","template":"","meta":{"footnotes":""},"_links":{"self":[{"href":"https:\/\/borzecki.com.pl\/de\/index.php\/wp-json\/wp\/v2\/pages\/2313"}],"collection":[{"href":"https:\/\/borzecki.com.pl\/de\/index.php\/wp-json\/wp\/v2\/pages"}],"about":[{"href":"https:\/\/borzecki.com.pl\/de\/index.php\/wp-json\/wp\/v2\/types\/page"}],"author":[{"embeddable":true,"href":"https:\/\/borzecki.com.pl\/de\/index.php\/wp-json\/wp\/v2\/users\/1"}],"replies":[{"embeddable":true,"href":"https:\/\/borzecki.com.pl\/de\/index.php\/wp-json\/wp\/v2\/comments?post=2313"}],"version-history":[{"count":0,"href":"https:\/\/borzecki.com.pl\/de\/index.php\/wp-json\/wp\/v2\/pages\/2313\/revisions"}],"wp:attachment":[{"href":"https:\/\/borzecki.com.pl\/de\/index.php\/wp-json\/wp\/v2\/media?parent=2313"}],"curies":[{"name":"wp","href":"https:\/\/api.w.org\/{rel}","templated":true}]}}