{"id":2194,"date":"2023-08-28T12:12:18","date_gmt":"2023-08-28T10:12:18","guid":{"rendered":"https:\/\/borzecki.com.pl\/index.php\/innenabdeckungen\/"},"modified":"2023-09-01T16:10:37","modified_gmt":"2023-09-01T14:10:37","slug":"innenabdeckungen","status":"publish","type":"page","link":"https:\/\/borzecki.com.pl\/de\/index.php\/innenabdeckungen\/","title":{"rendered":"INNENABDECKUNGEN"},"content":{"rendered":"\t\t<div data-elementor-type=\"wp-page\" data-elementor-id=\"2194\" class=\"elementor elementor-2194 elementor-1578\" data-elementor-post-type=\"page\">\n\t\t\t\t\t\t\t\t\t<section class=\"elementor-section elementor-top-section elementor-element elementor-element-4daf8935 elementor-section-boxed elementor-section-height-default elementor-section-height-default\" data-id=\"4daf8935\" data-element_type=\"section\">\n\t\t\t\t\t\t<div class=\"elementor-container elementor-column-gap-default\">\n\t\t\t\t\t<div class=\"elementor-column elementor-col-100 elementor-top-column elementor-element elementor-element-96517a0\" data-id=\"96517a0\" data-element_type=\"column\">\n\t\t\t<div class=\"elementor-widget-wrap elementor-element-populated\">\n\t\t\t\t\t\t\t\t<div class=\"elementor-element elementor-element-16341847 elementor-widget elementor-widget-heading\" data-id=\"16341847\" data-element_type=\"widget\" data-widget_type=\"heading.default\">\n\t\t\t\t<div class=\"elementor-widget-container\">\n\t\t\t<h2 class=\"elementor-heading-title elementor-size-default\">INNENABDECKUNGEN<\/h2>\t\t<\/div>\n\t\t\t\t<\/div>\n\t\t\t\t<div class=\"elementor-element elementor-element-27421c1 elementor-widget elementor-widget-image\" data-id=\"27421c1\" data-element_type=\"widget\" data-widget_type=\"image.default\">\n\t\t\t\t<div class=\"elementor-widget-container\">\n\t\t\t\t\t\t\t\t\t\t\t\t\t\t\t<img decoding=\"async\" loading=\"lazy\" width=\"1280\" height=\"320\" src=\"https:\/\/borzecki.com.pl\/wp-content\/uploads\/2023\/08\/katalog_banery_kategorii_plisy_uni.jpg\" class=\"attachment-full size-full wp-image-1462\" alt=\"\" srcset=\"https:\/\/borzecki.com.pl\/wp-content\/uploads\/2023\/08\/katalog_banery_kategorii_plisy_uni.jpg 1280w, https:\/\/borzecki.com.pl\/wp-content\/uploads\/2023\/08\/katalog_banery_kategorii_plisy_uni-300x75.jpg 300w, https:\/\/borzecki.com.pl\/wp-content\/uploads\/2023\/08\/katalog_banery_kategorii_plisy_uni-1024x256.jpg 1024w, https:\/\/borzecki.com.pl\/wp-content\/uploads\/2023\/08\/katalog_banery_kategorii_plisy_uni-768x192.jpg 768w, https:\/\/borzecki.com.pl\/wp-content\/uploads\/2023\/08\/katalog_banery_kategorii_plisy_uni-600x150.jpg 600w, https:\/\/borzecki.com.pl\/wp-content\/uploads\/2023\/08\/katalog_banery_kategorii_plisy_uni-280x70.jpg 280w\" sizes=\"(max-width: 1280px) 100vw, 1280px\" \/>\t\t\t\t\t\t\t\t\t\t\t\t\t\t\t<\/div>\n\t\t\t\t<\/div>\n\t\t\t\t<div class=\"elementor-element elementor-element-00f461e elementor-widget elementor-widget-button\" data-id=\"00f461e\" data-element_type=\"widget\" id=\"go-back\" data-widget_type=\"button.default\">\n\t\t\t\t<div class=\"elementor-widget-container\">\n\t\t\t\t\t<div class=\"elementor-button-wrapper\">\n\t\t\t<a class=\"elementor-button elementor-button-link elementor-size-sm\" href=\"#\">\n\t\t\t\t\t\t<span class=\"elementor-button-content-wrapper\">\n\t\t\t\t\t\t<span class=\"elementor-button-icon elementor-align-icon-left\">\n\t\t\t\t<i aria-hidden=\"true\" class=\"fas fa-chevron-left\"><\/i>\t\t\t<\/span>\n\t\t\t\t\t\t<span class=\"elementor-button-text\">Zur\u00fcck<\/span>\n\t\t<\/span>\n\t\t\t\t\t<\/a>\n\t\t<\/div>\n\t\t\t\t<\/div>\n\t\t\t\t<\/div>\n\t\t\t\t<div class=\"elementor-element elementor-element-ee3a249 elementor-widget elementor-widget-html\" data-id=\"ee3a249\" data-element_type=\"widget\" data-widget_type=\"html.default\">\n\t\t\t\t<div class=\"elementor-widget-container\">\n\t\t\t<script>document.getElementById(\"go-back\").addEventListener(\"click\", () => {\n  history.back();\n});\n<\/script>\t\t<\/div>\n\t\t\t\t<\/div>\n\t\t\t\t<div class=\"elementor-element elementor-element-1a57804 elementor-widget elementor-widget-text-editor\" data-id=\"1a57804\" data-element_type=\"widget\" data-widget_type=\"text-editor.default\">\n\t\t\t\t<div class=\"elementor-widget-container\">\n\t\t\t\t\t\t\t<p>Im Inneren von H\u00e4usern montierte Abdeckungen sch\u00fctzen R\u00e4ume vor Sonne und unerw\u00fcnschten Blicken von Nachbarn und Passanten. Wenn sie richtig eingestellt sind, k\u00f6nnen sie die Verdunkelung, die Sonneneinstrahlung, die Temperatur und die richtige Luftzirkulation steuern lassen. <\/p>\n<p>Innere Rollos und Jalousien sind ein wichtiger dekorativer Bestandteil des Hauses. Abh\u00e4ngig vom gew\u00e4hlten System und der Farbwahl k\u00f6nnen sie Ihnen dabei helfen, visuelle Eindr\u00fccke des Innenraums zu gestalten, die Proportionen des Fensters und des gesamten Raums zu korrigieren. Sie sind f\u00fcr den t\u00e4glichen Gebrauch konzipiert und bieten verschiedene Montage- und Steuerungsm\u00f6glichkeiten f\u00fcr maximalen Komfort.  <\/p>\n<p>In unserem Angebot finden Sie moderne Stoffrollos, stilvolle Jalousien und dekorative Fenstervorh\u00e4nge, mit denen Sie Ihre Fenster nach Ihrem Geschmack und Ihrer Inneneinrichtung sch\u00fctzen k\u00f6nnen.<\/p><\/p>\n\t\t\t\t\t\t<\/div>\n\t\t\t\t<\/div>\n\t\t\t\t<div class=\"elementor-element elementor-element-9af4d16 elementor-grid-2 elementor-grid-tablet-2 elementor-grid-mobile-1 elementor-posts--thumbnail-top elementor-card-shadow-yes elementor-posts__hover-gradient elementor-widget elementor-widget-posts\" data-id=\"9af4d16\" data-element_type=\"widget\" data-settings=\"{&quot;cards_columns&quot;:&quot;2&quot;,&quot;cards_columns_tablet&quot;:&quot;2&quot;,&quot;cards_columns_mobile&quot;:&quot;1&quot;,&quot;cards_row_gap&quot;:{&quot;unit&quot;:&quot;px&quot;,&quot;size&quot;:35,&quot;sizes&quot;:[]},&quot;cards_row_gap_tablet&quot;:{&quot;unit&quot;:&quot;px&quot;,&quot;size&quot;:&quot;&quot;,&quot;sizes&quot;:[]},&quot;cards_row_gap_mobile&quot;:{&quot;unit&quot;:&quot;px&quot;,&quot;size&quot;:&quot;&quot;,&quot;sizes&quot;:[]}}\" data-widget_type=\"posts.cards\">\n\t\t\t\t<div class=\"elementor-widget-container\">\n\t\t\t\t\t<div class=\"elementor-posts-container elementor-posts elementor-posts--skin-cards elementor-grid\">\n\t\t\t\t<article class=\"elementor-post elementor-grid-item post-2237 post type-post status-publish format-standard has-post-thumbnail hentry category-innere-abdeckungen\">\n\t\t\t<div class=\"elementor-post__card\">\n\t\t\t\t<a class=\"elementor-post__thumbnail__link\" href=\"https:\/\/borzecki.com.pl\/de\/index.php\/2023\/08\/25\/vertikale-vertikaljalousien\/\" tabindex=\"-1\" ><div class=\"elementor-post__thumbnail\"><img loading=\"lazy\" width=\"300\" height=\"75\" src=\"https:\/\/borzecki.com.pl\/wp-content\/uploads\/2023\/08\/katalog_banery_kategorii_zaluzje_vert_uni-300x75.jpg\" class=\"attachment-medium size-medium wp-image-2138\" alt=\"\" decoding=\"async\" srcset=\"https:\/\/borzecki.com.pl\/wp-content\/uploads\/2023\/08\/katalog_banery_kategorii_zaluzje_vert_uni-300x75.jpg 300w, https:\/\/borzecki.com.pl\/wp-content\/uploads\/2023\/08\/katalog_banery_kategorii_zaluzje_vert_uni-1024x256.jpg 1024w, https:\/\/borzecki.com.pl\/wp-content\/uploads\/2023\/08\/katalog_banery_kategorii_zaluzje_vert_uni-768x192.jpg 768w, https:\/\/borzecki.com.pl\/wp-content\/uploads\/2023\/08\/katalog_banery_kategorii_zaluzje_vert_uni-600x150.jpg 600w, https:\/\/borzecki.com.pl\/wp-content\/uploads\/2023\/08\/katalog_banery_kategorii_zaluzje_vert_uni-280x70.jpg 280w, https:\/\/borzecki.com.pl\/wp-content\/uploads\/2023\/08\/katalog_banery_kategorii_zaluzje_vert_uni.jpg 1280w\" sizes=\"(max-width: 300px) 100vw, 300px\" \/><\/div><\/a>\n\t\t\t\t<div class=\"elementor-post__badge\">Innere Abdeckungen<\/div>\n\t\t\t\t<div class=\"elementor-post__text\">\n\t\t\t\t<h3 class=\"elementor-post__title\">\n\t\t\t<a href=\"https:\/\/borzecki.com.pl\/de\/index.php\/2023\/08\/25\/vertikale-vertikaljalousien\/\" >\n\t\t\t\t&#8222;Vertikale&#8220; Vertikaljalousien\t\t\t<\/a>\n\t\t<\/h3>\n\t\t\n\t\t<a class=\"elementor-post__read-more\" href=\"https:\/\/borzecki.com.pl\/de\/index.php\/2023\/08\/25\/vertikale-vertikaljalousien\/\" aria-label=\"Read more about &#8222;Vertikale&#8220; Vertikaljalousien\" tabindex=\"-1\" >\n\t\t\tMehr Informationen \u00bb\t\t<\/a>\n\n\t\t\t\t<\/div>\n\t\t\t\t\t<\/div>\n\t\t<\/article>\n\t\t\t\t<article class=\"elementor-post elementor-grid-item post-2235 post type-post status-publish format-standard has-post-thumbnail hentry category-innere-abdeckungen\">\n\t\t\t<div class=\"elementor-post__card\">\n\t\t\t\t<a class=\"elementor-post__thumbnail__link\" href=\"https:\/\/borzecki.com.pl\/de\/index.php\/2023\/08\/25\/holz-und-bambusjalousien\/\" tabindex=\"-1\" ><div class=\"elementor-post__thumbnail\"><img loading=\"lazy\" width=\"300\" height=\"200\" src=\"https:\/\/borzecki.com.pl\/wp-content\/uploads\/2022\/03\/zaluzje-drewniane-4-300x200.jpg\" class=\"attachment-medium size-medium wp-image-2108\" alt=\"\" decoding=\"async\" srcset=\"https:\/\/borzecki.com.pl\/wp-content\/uploads\/2022\/03\/zaluzje-drewniane-4-300x200.jpg 300w, https:\/\/borzecki.com.pl\/wp-content\/uploads\/2022\/03\/zaluzje-drewniane-4-768x512.jpg 768w, https:\/\/borzecki.com.pl\/wp-content\/uploads\/2022\/03\/zaluzje-drewniane-4-600x400.jpg 600w, https:\/\/borzecki.com.pl\/wp-content\/uploads\/2022\/03\/zaluzje-drewniane-4-240x160.jpg 240w, https:\/\/borzecki.com.pl\/wp-content\/uploads\/2022\/03\/zaluzje-drewniane-4.jpg 960w\" sizes=\"(max-width: 300px) 100vw, 300px\" \/><\/div><\/a>\n\t\t\t\t<div class=\"elementor-post__badge\">Innere Abdeckungen<\/div>\n\t\t\t\t<div class=\"elementor-post__text\">\n\t\t\t\t<h3 class=\"elementor-post__title\">\n\t\t\t<a href=\"https:\/\/borzecki.com.pl\/de\/index.php\/2023\/08\/25\/holz-und-bambusjalousien\/\" >\n\t\t\t\tHolz- und Bambusjalousien\t\t\t<\/a>\n\t\t<\/h3>\n\t\t\n\t\t<a class=\"elementor-post__read-more\" href=\"https:\/\/borzecki.com.pl\/de\/index.php\/2023\/08\/25\/holz-und-bambusjalousien\/\" aria-label=\"Read more about Holz- und Bambusjalousien\" tabindex=\"-1\" >\n\t\t\tMehr Informationen \u00bb\t\t<\/a>\n\n\t\t\t\t<\/div>\n\t\t\t\t\t<\/div>\n\t\t<\/article>\n\t\t\t\t<article class=\"elementor-post elementor-grid-item post-2229 post type-post status-publish format-standard has-post-thumbnail hentry category-innere-abdeckungen\">\n\t\t\t<div class=\"elementor-post__card\">\n\t\t\t\t<a class=\"elementor-post__thumbnail__link\" href=\"https:\/\/borzecki.com.pl\/de\/index.php\/2023\/08\/25\/roemische-rollos\/\" tabindex=\"-1\" ><div class=\"elementor-post__thumbnail\"><img loading=\"lazy\" width=\"300\" height=\"75\" src=\"https:\/\/borzecki.com.pl\/wp-content\/uploads\/2023\/08\/katalog_banery_kategorii_rolety_rzymskie_uni-300x75.jpg\" class=\"attachment-medium size-medium wp-image-2136\" alt=\"\" decoding=\"async\" srcset=\"https:\/\/borzecki.com.pl\/wp-content\/uploads\/2023\/08\/katalog_banery_kategorii_rolety_rzymskie_uni-300x75.jpg 300w, https:\/\/borzecki.com.pl\/wp-content\/uploads\/2023\/08\/katalog_banery_kategorii_rolety_rzymskie_uni-1024x256.jpg 1024w, https:\/\/borzecki.com.pl\/wp-content\/uploads\/2023\/08\/katalog_banery_kategorii_rolety_rzymskie_uni-768x192.jpg 768w, https:\/\/borzecki.com.pl\/wp-content\/uploads\/2023\/08\/katalog_banery_kategorii_rolety_rzymskie_uni-600x150.jpg 600w, https:\/\/borzecki.com.pl\/wp-content\/uploads\/2023\/08\/katalog_banery_kategorii_rolety_rzymskie_uni-280x70.jpg 280w, https:\/\/borzecki.com.pl\/wp-content\/uploads\/2023\/08\/katalog_banery_kategorii_rolety_rzymskie_uni.jpg 1280w\" sizes=\"(max-width: 300px) 100vw, 300px\" \/><\/div><\/a>\n\t\t\t\t<div class=\"elementor-post__badge\">Innere Abdeckungen<\/div>\n\t\t\t\t<div class=\"elementor-post__text\">\n\t\t\t\t<h3 class=\"elementor-post__title\">\n\t\t\t<a href=\"https:\/\/borzecki.com.pl\/de\/index.php\/2023\/08\/25\/roemische-rollos\/\" >\n\t\t\t\tR\u00f6mische Rollos\t\t\t<\/a>\n\t\t<\/h3>\n\t\t\n\t\t<a class=\"elementor-post__read-more\" href=\"https:\/\/borzecki.com.pl\/de\/index.php\/2023\/08\/25\/roemische-rollos\/\" aria-label=\"Read more about R\u00f6mische Rollos\" tabindex=\"-1\" >\n\t\t\tMehr Informationen \u00bb\t\t<\/a>\n\n\t\t\t\t<\/div>\n\t\t\t\t\t<\/div>\n\t\t<\/article>\n\t\t\t\t<article class=\"elementor-post elementor-grid-item post-2227 post type-post status-publish format-standard has-post-thumbnail hentry category-innere-abdeckungen\">\n\t\t\t<div class=\"elementor-post__card\">\n\t\t\t\t<a class=\"elementor-post__thumbnail__link\" href=\"https:\/\/borzecki.com.pl\/de\/index.php\/2023\/08\/25\/stoffrollos\/\" tabindex=\"-1\" ><div class=\"elementor-post__thumbnail\"><img loading=\"lazy\" width=\"300\" height=\"75\" src=\"https:\/\/borzecki.com.pl\/wp-content\/uploads\/2023\/08\/katalog_banery_kategorii_rolety_material_uni-300x75.jpg\" class=\"attachment-medium size-medium wp-image-2135\" alt=\"\" decoding=\"async\" srcset=\"https:\/\/borzecki.com.pl\/wp-content\/uploads\/2023\/08\/katalog_banery_kategorii_rolety_material_uni-300x75.jpg 300w, https:\/\/borzecki.com.pl\/wp-content\/uploads\/2023\/08\/katalog_banery_kategorii_rolety_material_uni-1024x256.jpg 1024w, https:\/\/borzecki.com.pl\/wp-content\/uploads\/2023\/08\/katalog_banery_kategorii_rolety_material_uni-768x192.jpg 768w, https:\/\/borzecki.com.pl\/wp-content\/uploads\/2023\/08\/katalog_banery_kategorii_rolety_material_uni-600x150.jpg 600w, https:\/\/borzecki.com.pl\/wp-content\/uploads\/2023\/08\/katalog_banery_kategorii_rolety_material_uni-280x70.jpg 280w, https:\/\/borzecki.com.pl\/wp-content\/uploads\/2023\/08\/katalog_banery_kategorii_rolety_material_uni.jpg 1280w\" sizes=\"(max-width: 300px) 100vw, 300px\" \/><\/div><\/a>\n\t\t\t\t<div class=\"elementor-post__badge\">Innere Abdeckungen<\/div>\n\t\t\t\t<div class=\"elementor-post__text\">\n\t\t\t\t<h3 class=\"elementor-post__title\">\n\t\t\t<a href=\"https:\/\/borzecki.com.pl\/de\/index.php\/2023\/08\/25\/stoffrollos\/\" >\n\t\t\t\tStoffrollos\t\t\t<\/a>\n\t\t<\/h3>\n\t\t\n\t\t<a class=\"elementor-post__read-more\" href=\"https:\/\/borzecki.com.pl\/de\/index.php\/2023\/08\/25\/stoffrollos\/\" aria-label=\"Read more about Stoffrollos\" tabindex=\"-1\" >\n\t\t\tMehr Informationen \u00bb\t\t<\/a>\n\n\t\t\t\t<\/div>\n\t\t\t\t\t<\/div>\n\t\t<\/article>\n\t\t\t\t<article class=\"elementor-post elementor-grid-item post-2225 post type-post status-publish format-standard has-post-thumbnail hentry category-innere-abdeckungen\">\n\t\t\t<div class=\"elementor-post__card\">\n\t\t\t\t<a class=\"elementor-post__thumbnail__link\" href=\"https:\/\/borzecki.com.pl\/de\/index.php\/2023\/08\/25\/gardinenstangen\/\" tabindex=\"-1\" ><div class=\"elementor-post__thumbnail\"><img loading=\"lazy\" width=\"300\" height=\"240\" src=\"https:\/\/borzecki.com.pl\/wp-content\/uploads\/2019\/04\/karnisz-metalowy-1-300x240.jpg\" class=\"attachment-medium size-medium wp-image-1865\" alt=\"\" decoding=\"async\" srcset=\"https:\/\/borzecki.com.pl\/wp-content\/uploads\/2019\/04\/karnisz-metalowy-1-300x240.jpg 300w, https:\/\/borzecki.com.pl\/wp-content\/uploads\/2019\/04\/karnisz-metalowy-1-200x160.jpg 200w, https:\/\/borzecki.com.pl\/wp-content\/uploads\/2019\/04\/karnisz-metalowy-1.jpg 512w\" sizes=\"(max-width: 300px) 100vw, 300px\" \/><\/div><\/a>\n\t\t\t\t<div class=\"elementor-post__badge\">Innere Abdeckungen<\/div>\n\t\t\t\t<div class=\"elementor-post__text\">\n\t\t\t\t<h3 class=\"elementor-post__title\">\n\t\t\t<a href=\"https:\/\/borzecki.com.pl\/de\/index.php\/2023\/08\/25\/gardinenstangen\/\" >\n\t\t\t\tGardinenstangen\t\t\t<\/a>\n\t\t<\/h3>\n\t\t\n\t\t<a class=\"elementor-post__read-more\" href=\"https:\/\/borzecki.com.pl\/de\/index.php\/2023\/08\/25\/gardinenstangen\/\" aria-label=\"Read more about Gardinenstangen\" tabindex=\"-1\" >\n\t\t\tMehr Informationen \u00bb\t\t<\/a>\n\n\t\t\t\t<\/div>\n\t\t\t\t\t<\/div>\n\t\t<\/article>\n\t\t\t\t<article class=\"elementor-post elementor-grid-item post-2223 post type-post status-publish format-standard has-post-thumbnail hentry category-innere-abdeckungen\">\n\t\t\t<div class=\"elementor-post__card\">\n\t\t\t\t<a class=\"elementor-post__thumbnail__link\" href=\"https:\/\/borzecki.com.pl\/de\/index.php\/2023\/08\/25\/tag-nacht-rollos\/\" tabindex=\"-1\" ><div class=\"elementor-post__thumbnail\"><img loading=\"lazy\" width=\"300\" height=\"195\" src=\"https:\/\/borzecki.com.pl\/wp-content\/uploads\/2019\/05\/Foto_3098_impresja_mini_lux-e1557213888816-300x195.jpg\" class=\"attachment-medium size-medium wp-image-1852\" alt=\"\" decoding=\"async\" srcset=\"https:\/\/borzecki.com.pl\/wp-content\/uploads\/2019\/05\/Foto_3098_impresja_mini_lux-e1557213888816-300x195.jpg 300w, https:\/\/borzecki.com.pl\/wp-content\/uploads\/2019\/05\/Foto_3098_impresja_mini_lux-e1557213888816-768x500.jpg 768w, https:\/\/borzecki.com.pl\/wp-content\/uploads\/2019\/05\/Foto_3098_impresja_mini_lux-e1557213888816-600x390.jpg 600w, https:\/\/borzecki.com.pl\/wp-content\/uploads\/2019\/05\/Foto_3098_impresja_mini_lux-e1557213888816-246x160.jpg 246w, https:\/\/borzecki.com.pl\/wp-content\/uploads\/2019\/05\/Foto_3098_impresja_mini_lux-e1557213888816.jpg 816w\" sizes=\"(max-width: 300px) 100vw, 300px\" \/><\/div><\/a>\n\t\t\t\t<div class=\"elementor-post__badge\">Innere Abdeckungen<\/div>\n\t\t\t\t<div class=\"elementor-post__text\">\n\t\t\t\t<h3 class=\"elementor-post__title\">\n\t\t\t<a href=\"https:\/\/borzecki.com.pl\/de\/index.php\/2023\/08\/25\/tag-nacht-rollos\/\" >\n\t\t\t\tTag &amp; Nacht-Rollos\t\t\t<\/a>\n\t\t<\/h3>\n\t\t\n\t\t<a class=\"elementor-post__read-more\" href=\"https:\/\/borzecki.com.pl\/de\/index.php\/2023\/08\/25\/tag-nacht-rollos\/\" aria-label=\"Read more about Tag &amp; Nacht-Rollos\" tabindex=\"-1\" >\n\t\t\tMehr Informationen \u00bb\t\t<\/a>\n\n\t\t\t\t<\/div>\n\t\t\t\t\t<\/div>\n\t\t<\/article>\n\t\t\t\t<article class=\"elementor-post elementor-grid-item post-2219 post type-post status-publish format-standard has-post-thumbnail hentry category-innere-abdeckungen\">\n\t\t\t<div class=\"elementor-post__card\">\n\t\t\t\t<a class=\"elementor-post__thumbnail__link\" href=\"https:\/\/borzecki.com.pl\/de\/index.php\/2023\/08\/25\/plissierte-jalousien-auch-bekannt-als-plisy\/\" tabindex=\"-1\" ><div class=\"elementor-post__thumbnail\"><img loading=\"lazy\" width=\"200\" height=\"300\" src=\"https:\/\/borzecki.com.pl\/wp-content\/uploads\/2022\/03\/plisy-4-200x300.jpg\" class=\"attachment-medium size-medium wp-image-2087\" alt=\"\" decoding=\"async\" srcset=\"https:\/\/borzecki.com.pl\/wp-content\/uploads\/2022\/03\/plisy-4-200x300.jpg 200w, https:\/\/borzecki.com.pl\/wp-content\/uploads\/2022\/03\/plisy-4-400x600.jpg 400w, https:\/\/borzecki.com.pl\/wp-content\/uploads\/2022\/03\/plisy-4-107x160.jpg 107w, https:\/\/borzecki.com.pl\/wp-content\/uploads\/2022\/03\/plisy-4.jpg 600w\" sizes=\"(max-width: 200px) 100vw, 200px\" \/><\/div><\/a>\n\t\t\t\t<div class=\"elementor-post__badge\">Innere Abdeckungen<\/div>\n\t\t\t\t<div class=\"elementor-post__text\">\n\t\t\t\t<h3 class=\"elementor-post__title\">\n\t\t\t<a href=\"https:\/\/borzecki.com.pl\/de\/index.php\/2023\/08\/25\/plissierte-jalousien-auch-bekannt-als-plisy\/\" >\n\t\t\t\tPlissierte Jalousien, auch bekannt als &#8222;Plisy&#8220;\t\t\t<\/a>\n\t\t<\/h3>\n\t\t\n\t\t<a class=\"elementor-post__read-more\" href=\"https:\/\/borzecki.com.pl\/de\/index.php\/2023\/08\/25\/plissierte-jalousien-auch-bekannt-als-plisy\/\" aria-label=\"Read more about Plissierte Jalousien, auch bekannt als &#8222;Plisy&#8220;\" tabindex=\"-1\" >\n\t\t\tMehr Informationen \u00bb\t\t<\/a>\n\n\t\t\t\t<\/div>\n\t\t\t\t\t<\/div>\n\t\t<\/article>\n\t\t\t\t<article class=\"elementor-post elementor-grid-item post-2214 post type-post status-publish format-standard has-post-thumbnail hentry category-innere-abdeckungen\">\n\t\t\t<div class=\"elementor-post__card\">\n\t\t\t\t<a class=\"elementor-post__thumbnail__link\" href=\"https:\/\/borzecki.com.pl\/de\/index.php\/2023\/08\/25\/aluminiumjalousien\/\" tabindex=\"-1\" ><div class=\"elementor-post__thumbnail\"><img loading=\"lazy\" width=\"300\" height=\"75\" src=\"https:\/\/borzecki.com.pl\/wp-content\/uploads\/2023\/08\/katalog_banery_kategorii_zaluzje_alu_uni-300x75.jpg\" class=\"attachment-medium size-medium wp-image-2134\" alt=\"\" decoding=\"async\" srcset=\"https:\/\/borzecki.com.pl\/wp-content\/uploads\/2023\/08\/katalog_banery_kategorii_zaluzje_alu_uni-300x75.jpg 300w, https:\/\/borzecki.com.pl\/wp-content\/uploads\/2023\/08\/katalog_banery_kategorii_zaluzje_alu_uni-1024x256.jpg 1024w, https:\/\/borzecki.com.pl\/wp-content\/uploads\/2023\/08\/katalog_banery_kategorii_zaluzje_alu_uni-768x192.jpg 768w, https:\/\/borzecki.com.pl\/wp-content\/uploads\/2023\/08\/katalog_banery_kategorii_zaluzje_alu_uni-600x150.jpg 600w, https:\/\/borzecki.com.pl\/wp-content\/uploads\/2023\/08\/katalog_banery_kategorii_zaluzje_alu_uni-280x70.jpg 280w, https:\/\/borzecki.com.pl\/wp-content\/uploads\/2023\/08\/katalog_banery_kategorii_zaluzje_alu_uni.jpg 1280w\" sizes=\"(max-width: 300px) 100vw, 300px\" \/><\/div><\/a>\n\t\t\t\t<div class=\"elementor-post__badge\">Innere Abdeckungen<\/div>\n\t\t\t\t<div class=\"elementor-post__text\">\n\t\t\t\t<h3 class=\"elementor-post__title\">\n\t\t\t<a href=\"https:\/\/borzecki.com.pl\/de\/index.php\/2023\/08\/25\/aluminiumjalousien\/\" >\n\t\t\t\tAluminiumjalousien\t\t\t<\/a>\n\t\t<\/h3>\n\t\t\n\t\t<a class=\"elementor-post__read-more\" href=\"https:\/\/borzecki.com.pl\/de\/index.php\/2023\/08\/25\/aluminiumjalousien\/\" aria-label=\"Read more about Aluminiumjalousien\" tabindex=\"-1\" >\n\t\t\tMehr Informationen \u00bb\t\t<\/a>\n\n\t\t\t\t<\/div>\n\t\t\t\t\t<\/div>\n\t\t<\/article>\n\t\t\t\t<\/div>\n\t\t\n\t\t\t\t<\/div>\n\t\t\t\t<\/div>\n\t\t\t\t\t<\/div>\n\t\t<\/div>\n\t\t\t\t\t\t\t<\/div>\n\t\t<\/section>\n\t\t\t\t\t\t\t<\/div>\n\t\t","protected":false},"excerpt":{"rendered":"<p>Zur\u00fcck Im Inneren von H\u00e4usern montierte Abdeckungen sch\u00fctzen R\u00e4ume vor Sonne und unerw\u00fcnschten Blicken von Nachbarn und Passanten. Wenn sie<\/p>\n","protected":false},"author":1,"featured_media":2094,"parent":0,"menu_order":0,"comment_status":"closed","ping_status":"closed","template":"","meta":{"footnotes":""},"_links":{"self":[{"href":"https:\/\/borzecki.com.pl\/de\/index.php\/wp-json\/wp\/v2\/pages\/2194"}],"collection":[{"href":"https:\/\/borzecki.com.pl\/de\/index.php\/wp-json\/wp\/v2\/pages"}],"about":[{"href":"https:\/\/borzecki.com.pl\/de\/index.php\/wp-json\/wp\/v2\/types\/page"}],"author":[{"embeddable":true,"href":"https:\/\/borzecki.com.pl\/de\/index.php\/wp-json\/wp\/v2\/users\/1"}],"replies":[{"embeddable":true,"href":"https:\/\/borzecki.com.pl\/de\/index.php\/wp-json\/wp\/v2\/comments?post=2194"}],"version-history":[{"count":1,"href":"https:\/\/borzecki.com.pl\/de\/index.php\/wp-json\/wp\/v2\/pages\/2194\/revisions"}],"predecessor-version":[{"id":2195,"href":"https:\/\/borzecki.com.pl\/de\/index.php\/wp-json\/wp\/v2\/pages\/2194\/revisions\/2195"}],"wp:featuredmedia":[{"embeddable":true,"href":"https:\/\/borzecki.com.pl\/de\/index.php\/wp-json\/wp\/v2\/media\/2094"}],"wp:attachment":[{"href":"https:\/\/borzecki.com.pl\/de\/index.php\/wp-json\/wp\/v2\/media?parent=2194"}],"curies":[{"name":"wp","href":"https:\/\/api.w.org\/{rel}","templated":true}]}}