{"id":2192,"date":"2023-08-26T12:17:00","date_gmt":"2023-08-26T10:17:00","guid":{"rendered":"https:\/\/borzecki.com.pl\/index.php\/aeussere-abdeckungen\/"},"modified":"2023-09-01T16:02:05","modified_gmt":"2023-09-01T14:02:05","slug":"aeussere-abdeckungen","status":"publish","type":"page","link":"https:\/\/borzecki.com.pl\/de\/index.php\/aeussere-abdeckungen\/","title":{"rendered":"\u00c4U\u00dfERE ABDECKUNGEN"},"content":{"rendered":"\t\t<div data-elementor-type=\"wp-page\" data-elementor-id=\"2192\" class=\"elementor elementor-2192 elementor-1523\" data-elementor-post-type=\"page\">\n\t\t\t\t\t\t\t\t\t<section class=\"elementor-section elementor-top-section elementor-element elementor-element-e1b7982 elementor-section-boxed elementor-section-height-default elementor-section-height-default\" data-id=\"e1b7982\" data-element_type=\"section\">\n\t\t\t\t\t\t<div class=\"elementor-container elementor-column-gap-default\">\n\t\t\t\t\t<div class=\"elementor-column elementor-col-100 elementor-top-column elementor-element elementor-element-81cb3f7\" data-id=\"81cb3f7\" data-element_type=\"column\">\n\t\t\t<div class=\"elementor-widget-wrap elementor-element-populated\">\n\t\t\t\t\t\t\t\t<div class=\"elementor-element elementor-element-919d96a elementor-widget elementor-widget-heading\" data-id=\"919d96a\" data-element_type=\"widget\" data-widget_type=\"heading.default\">\n\t\t\t\t<div class=\"elementor-widget-container\">\n\t\t\t<h2 class=\"elementor-heading-title elementor-size-default\">\u00c4U\u00dfERE ABDECKUNGEN<\/h2>\t\t<\/div>\n\t\t\t\t<\/div>\n\t\t\t\t<div class=\"elementor-element elementor-element-c229a42 elementor-widget elementor-widget-image\" data-id=\"c229a42\" data-element_type=\"widget\" data-widget_type=\"image.default\">\n\t\t\t\t<div class=\"elementor-widget-container\">\n\t\t\t\t\t\t\t\t\t\t\t\t\t\t\t<img decoding=\"async\" loading=\"lazy\" width=\"1280\" height=\"320\" src=\"https:\/\/borzecki.com.pl\/wp-content\/uploads\/2023\/08\/katalog_banery_kategorii_rolety_screen_uni.jpg\" class=\"attachment-full size-full wp-image-1497\" alt=\"\" srcset=\"https:\/\/borzecki.com.pl\/wp-content\/uploads\/2023\/08\/katalog_banery_kategorii_rolety_screen_uni.jpg 1280w, https:\/\/borzecki.com.pl\/wp-content\/uploads\/2023\/08\/katalog_banery_kategorii_rolety_screen_uni-300x75.jpg 300w, https:\/\/borzecki.com.pl\/wp-content\/uploads\/2023\/08\/katalog_banery_kategorii_rolety_screen_uni-1024x256.jpg 1024w, https:\/\/borzecki.com.pl\/wp-content\/uploads\/2023\/08\/katalog_banery_kategorii_rolety_screen_uni-768x192.jpg 768w, https:\/\/borzecki.com.pl\/wp-content\/uploads\/2023\/08\/katalog_banery_kategorii_rolety_screen_uni-600x150.jpg 600w, https:\/\/borzecki.com.pl\/wp-content\/uploads\/2023\/08\/katalog_banery_kategorii_rolety_screen_uni-280x70.jpg 280w\" sizes=\"(max-width: 1280px) 100vw, 1280px\" \/>\t\t\t\t\t\t\t\t\t\t\t\t\t\t\t<\/div>\n\t\t\t\t<\/div>\n\t\t\t\t<div class=\"elementor-element elementor-element-c9574af elementor-widget elementor-widget-button\" data-id=\"c9574af\" data-element_type=\"widget\" id=\"go-back\" data-widget_type=\"button.default\">\n\t\t\t\t<div class=\"elementor-widget-container\">\n\t\t\t\t\t<div class=\"elementor-button-wrapper\">\n\t\t\t<a class=\"elementor-button elementor-button-link elementor-size-sm\" href=\"#\">\n\t\t\t\t\t\t<span class=\"elementor-button-content-wrapper\">\n\t\t\t\t\t\t<span class=\"elementor-button-icon elementor-align-icon-left\">\n\t\t\t\t<i aria-hidden=\"true\" class=\"fas fa-chevron-left\"><\/i>\t\t\t<\/span>\n\t\t\t\t\t\t<span class=\"elementor-button-text\">Zur\u00fcck<\/span>\n\t\t<\/span>\n\t\t\t\t\t<\/a>\n\t\t<\/div>\n\t\t\t\t<\/div>\n\t\t\t\t<\/div>\n\t\t\t\t<div class=\"elementor-element elementor-element-d4cdbae elementor-widget elementor-widget-html\" data-id=\"d4cdbae\" data-element_type=\"widget\" data-widget_type=\"html.default\">\n\t\t\t\t<div class=\"elementor-widget-container\">\n\t\t\t<script>document.getElementById(\"go-back\").addEventListener(\"click\", () => {\n  history.back();\n});\n<\/script>\t\t<\/div>\n\t\t\t\t<\/div>\n\t\t\t\t<div class=\"elementor-element elementor-element-726c5ce elementor-widget elementor-widget-text-editor\" data-id=\"726c5ce\" data-element_type=\"widget\" data-widget_type=\"text-editor.default\">\n\t\t\t\t<div class=\"elementor-widget-container\">\n\t\t\t\t\t\t\t<p>\u00c4u\u00dfere Fensterabdeckungen verbessern die thermische und akustische Isolierung der Fenster. In geschlossener Position sch\u00fctzen sie Fenster\u00f6ffnungen und die Fassade vor ung\u00fcnstigen Wetterbedingungen. In der richtigen System- und Konfigurationauswahl erh\u00f6hen sie auch die Sicherheit des Hauses vor Einbr\u00fcchen.  <\/p>\n<p>Neu Technologien erm\u00f6glichen die Integration von Rollos und Jalousien in ein intelligentes Geb\u00e4udemanagementsystem. Ausgestattet mit Wetterf\u00fchlersensoren k\u00f6nnen sie Windst\u00e4rke, Temperatur, Sonneneinstrahlung und Niederschlag messen. Sie werden auch entsprechend programmiert, um sich unter Ber\u00fccksichtigung der Anwesenheit oder Abwesenheit der Eigent\u00fcmer zu heben und zu senken.  <\/p>\n<p>In unserem Angebot finden Sie Au\u00dfenrollos, Fassadenjalousien, &#8222;screen&#8220; Rollos und Insektenschutzgitter. In einer Vielzahl von Farbvarianten erh\u00e4ltlich, f\u00fcgen sie sich sowohl in die Architektur traditioneller Geb\u00e4ude als auch in moderne Anlagen ein. <\/p>\n\t\t\t\t\t\t<\/div>\n\t\t\t\t<\/div>\n\t\t\t\t<div class=\"elementor-element elementor-element-0afd3ed elementor-grid-2 elementor-grid-tablet-2 elementor-grid-mobile-1 elementor-posts--thumbnail-top elementor-card-shadow-yes elementor-posts__hover-gradient elementor-widget elementor-widget-posts\" data-id=\"0afd3ed\" data-element_type=\"widget\" data-settings=\"{&quot;cards_columns&quot;:&quot;2&quot;,&quot;cards_columns_tablet&quot;:&quot;2&quot;,&quot;cards_columns_mobile&quot;:&quot;1&quot;,&quot;cards_row_gap&quot;:{&quot;unit&quot;:&quot;px&quot;,&quot;size&quot;:35,&quot;sizes&quot;:[]},&quot;cards_row_gap_tablet&quot;:{&quot;unit&quot;:&quot;px&quot;,&quot;size&quot;:&quot;&quot;,&quot;sizes&quot;:[]},&quot;cards_row_gap_mobile&quot;:{&quot;unit&quot;:&quot;px&quot;,&quot;size&quot;:&quot;&quot;,&quot;sizes&quot;:[]}}\" data-widget_type=\"posts.cards\">\n\t\t\t\t<div class=\"elementor-widget-container\">\n\t\t\t\t\t<div class=\"elementor-posts-container elementor-posts elementor-posts--skin-cards elementor-grid\">\n\t\t\t\t<article class=\"elementor-post elementor-grid-item post-2212 post type-post status-publish format-standard has-post-thumbnail hentry category-ausere-abdeckungen\">\n\t\t\t<div class=\"elementor-post__card\">\n\t\t\t\t<a class=\"elementor-post__thumbnail__link\" href=\"https:\/\/borzecki.com.pl\/de\/index.php\/2023\/08\/26\/moskitonetze\/\" tabindex=\"-1\" ><div class=\"elementor-post__thumbnail\"><img loading=\"lazy\" width=\"200\" height=\"300\" src=\"https:\/\/borzecki.com.pl\/wp-content\/uploads\/2019\/04\/moskitiera-1-760x760-200x300.png\" class=\"attachment-medium size-medium wp-image-1833\" alt=\"\" decoding=\"async\" srcset=\"https:\/\/borzecki.com.pl\/wp-content\/uploads\/2019\/04\/moskitiera-1-760x760-200x300.png 200w, https:\/\/borzecki.com.pl\/wp-content\/uploads\/2019\/04\/moskitiera-1-760x760-399x600.png 399w, https:\/\/borzecki.com.pl\/wp-content\/uploads\/2019\/04\/moskitiera-1-760x760-107x160.png 107w, https:\/\/borzecki.com.pl\/wp-content\/uploads\/2019\/04\/moskitiera-1-760x760.png 506w\" sizes=\"(max-width: 200px) 100vw, 200px\" \/><\/div><\/a>\n\t\t\t\t<div class=\"elementor-post__badge\">\u00c4u\u00dfere Abdeckungen<\/div>\n\t\t\t\t<div class=\"elementor-post__text\">\n\t\t\t\t<h3 class=\"elementor-post__title\">\n\t\t\t<a href=\"https:\/\/borzecki.com.pl\/de\/index.php\/2023\/08\/26\/moskitonetze\/\" >\n\t\t\t\tMoskitonetze\t\t\t<\/a>\n\t\t<\/h3>\n\t\t\n\t\t<a class=\"elementor-post__read-more\" href=\"https:\/\/borzecki.com.pl\/de\/index.php\/2023\/08\/26\/moskitonetze\/\" aria-label=\"Read more about Moskitonetze\" tabindex=\"-1\" >\n\t\t\tMehr Informationen \u00bb\t\t<\/a>\n\n\t\t\t\t<\/div>\n\t\t\t\t\t<\/div>\n\t\t<\/article>\n\t\t\t\t<article class=\"elementor-post elementor-grid-item post-2210 post type-post status-publish format-standard has-post-thumbnail hentry category-ausere-abdeckungen\">\n\t\t\t<div class=\"elementor-post__card\">\n\t\t\t\t<a class=\"elementor-post__thumbnail__link\" href=\"https:\/\/borzecki.com.pl\/de\/index.php\/2023\/08\/26\/screen-rollo\/\" tabindex=\"-1\" ><div class=\"elementor-post__thumbnail\"><img loading=\"lazy\" width=\"225\" height=\"300\" src=\"https:\/\/borzecki.com.pl\/wp-content\/uploads\/2020\/01\/Roleta_screen_Karcma_Hajnos_03-225x300.jpg\" class=\"attachment-medium size-medium wp-image-1975\" alt=\"\" decoding=\"async\" srcset=\"https:\/\/borzecki.com.pl\/wp-content\/uploads\/2020\/01\/Roleta_screen_Karcma_Hajnos_03-225x300.jpg 225w, https:\/\/borzecki.com.pl\/wp-content\/uploads\/2020\/01\/Roleta_screen_Karcma_Hajnos_03-450x600.jpg 450w, https:\/\/borzecki.com.pl\/wp-content\/uploads\/2020\/01\/Roleta_screen_Karcma_Hajnos_03-120x160.jpg 120w, https:\/\/borzecki.com.pl\/wp-content\/uploads\/2020\/01\/Roleta_screen_Karcma_Hajnos_03.jpg 720w\" sizes=\"(max-width: 225px) 100vw, 225px\" \/><\/div><\/a>\n\t\t\t\t<div class=\"elementor-post__badge\">\u00c4u\u00dfere Abdeckungen<\/div>\n\t\t\t\t<div class=\"elementor-post__text\">\n\t\t\t\t<h3 class=\"elementor-post__title\">\n\t\t\t<a href=\"https:\/\/borzecki.com.pl\/de\/index.php\/2023\/08\/26\/screen-rollo\/\" >\n\t\t\t\t&#8222;Screen&#8220;-Rollo\t\t\t<\/a>\n\t\t<\/h3>\n\t\t\n\t\t<a class=\"elementor-post__read-more\" href=\"https:\/\/borzecki.com.pl\/de\/index.php\/2023\/08\/26\/screen-rollo\/\" aria-label=\"Read more about &#8222;Screen&#8220;-Rollo\" tabindex=\"-1\" >\n\t\t\tMehr Informationen \u00bb\t\t<\/a>\n\n\t\t\t\t<\/div>\n\t\t\t\t\t<\/div>\n\t\t<\/article>\n\t\t\t\t<article class=\"elementor-post elementor-grid-item post-2208 post type-post status-publish format-standard has-post-thumbnail hentry category-ausere-abdeckungen\">\n\t\t\t<div class=\"elementor-post__card\">\n\t\t\t\t<a class=\"elementor-post__thumbnail__link\" href=\"https:\/\/borzecki.com.pl\/de\/index.php\/2023\/08\/26\/externe-rollos\/\" tabindex=\"-1\" ><div class=\"elementor-post__thumbnail\"><img loading=\"lazy\" width=\"300\" height=\"234\" src=\"https:\/\/borzecki.com.pl\/wp-content\/uploads\/2022\/03\/kat_zewnetrznea_hor-300x234.jpg\" class=\"attachment-medium size-medium wp-image-2072\" alt=\"\" decoding=\"async\" srcset=\"https:\/\/borzecki.com.pl\/wp-content\/uploads\/2022\/03\/kat_zewnetrznea_hor-300x234.jpg 300w, https:\/\/borzecki.com.pl\/wp-content\/uploads\/2022\/03\/kat_zewnetrznea_hor-205x160.jpg 205w, https:\/\/borzecki.com.pl\/wp-content\/uploads\/2022\/03\/kat_zewnetrznea_hor.jpg 512w\" sizes=\"(max-width: 300px) 100vw, 300px\" \/><\/div><\/a>\n\t\t\t\t<div class=\"elementor-post__badge\">\u00c4u\u00dfere Abdeckungen<\/div>\n\t\t\t\t<div class=\"elementor-post__text\">\n\t\t\t\t<h3 class=\"elementor-post__title\">\n\t\t\t<a href=\"https:\/\/borzecki.com.pl\/de\/index.php\/2023\/08\/26\/externe-rollos\/\" >\n\t\t\t\tExterne Rollos\t\t\t<\/a>\n\t\t<\/h3>\n\t\t\n\t\t<a class=\"elementor-post__read-more\" href=\"https:\/\/borzecki.com.pl\/de\/index.php\/2023\/08\/26\/externe-rollos\/\" aria-label=\"Read more about Externe Rollos\" tabindex=\"-1\" >\n\t\t\tMehr Informationen \u00bb\t\t<\/a>\n\n\t\t\t\t<\/div>\n\t\t\t\t\t<\/div>\n\t\t<\/article>\n\t\t\t\t<article class=\"elementor-post elementor-grid-item post-2206 post type-post status-publish format-standard has-post-thumbnail hentry category-ausere-abdeckungen\">\n\t\t\t<div class=\"elementor-post__card\">\n\t\t\t\t<a class=\"elementor-post__thumbnail__link\" href=\"https:\/\/borzecki.com.pl\/de\/index.php\/2023\/08\/26\/fassadenjalousien\/\" tabindex=\"-1\" ><div class=\"elementor-post__thumbnail\"><img loading=\"lazy\" width=\"300\" height=\"169\" src=\"https:\/\/borzecki.com.pl\/wp-content\/uploads\/2022\/03\/anwis-zaluzja-fasadowa-f-2-570x380-1-300x169.png\" class=\"attachment-medium size-medium wp-image-2126\" alt=\"\" decoding=\"async\" srcset=\"https:\/\/borzecki.com.pl\/wp-content\/uploads\/2022\/03\/anwis-zaluzja-fasadowa-f-2-570x380-1-300x169.png 300w, https:\/\/borzecki.com.pl\/wp-content\/uploads\/2022\/03\/anwis-zaluzja-fasadowa-f-2-570x380-1-280x158.png 280w, https:\/\/borzecki.com.pl\/wp-content\/uploads\/2022\/03\/anwis-zaluzja-fasadowa-f-2-570x380-1.png 565w\" sizes=\"(max-width: 300px) 100vw, 300px\" \/><\/div><\/a>\n\t\t\t\t<div class=\"elementor-post__badge\">\u00c4u\u00dfere Abdeckungen<\/div>\n\t\t\t\t<div class=\"elementor-post__text\">\n\t\t\t\t<h3 class=\"elementor-post__title\">\n\t\t\t<a href=\"https:\/\/borzecki.com.pl\/de\/index.php\/2023\/08\/26\/fassadenjalousien\/\" >\n\t\t\t\tFassadenjalousien\t\t\t<\/a>\n\t\t<\/h3>\n\t\t\n\t\t<a class=\"elementor-post__read-more\" href=\"https:\/\/borzecki.com.pl\/de\/index.php\/2023\/08\/26\/fassadenjalousien\/\" aria-label=\"Read more about Fassadenjalousien\" tabindex=\"-1\" >\n\t\t\tMehr Informationen \u00bb\t\t<\/a>\n\n\t\t\t\t<\/div>\n\t\t\t\t\t<\/div>\n\t\t<\/article>\n\t\t\t\t<article class=\"elementor-post elementor-grid-item post-2204 post type-post status-publish format-standard has-post-thumbnail hentry category-ausere-abdeckungen\">\n\t\t\t<div class=\"elementor-post__card\">\n\t\t\t\t<a class=\"elementor-post__thumbnail__link\" href=\"https:\/\/borzecki.com.pl\/de\/index.php\/2023\/08\/26\/markisen\/\" tabindex=\"-1\" ><div class=\"elementor-post__thumbnail\"><img loading=\"lazy\" width=\"300\" height=\"225\" src=\"https:\/\/borzecki.com.pl\/wp-content\/uploads\/2020\/01\/Markizy_-Wlokno_2-300x225.jpg\" class=\"attachment-medium size-medium wp-image-2000\" alt=\"\" decoding=\"async\" srcset=\"https:\/\/borzecki.com.pl\/wp-content\/uploads\/2020\/01\/Markizy_-Wlokno_2-300x225.jpg 300w, https:\/\/borzecki.com.pl\/wp-content\/uploads\/2020\/01\/Markizy_-Wlokno_2-768x576.jpg 768w, https:\/\/borzecki.com.pl\/wp-content\/uploads\/2020\/01\/Markizy_-Wlokno_2-600x450.jpg 600w, https:\/\/borzecki.com.pl\/wp-content\/uploads\/2020\/01\/Markizy_-Wlokno_2-213x160.jpg 213w, https:\/\/borzecki.com.pl\/wp-content\/uploads\/2020\/01\/Markizy_-Wlokno_2.jpg 960w\" sizes=\"(max-width: 300px) 100vw, 300px\" \/><\/div><\/a>\n\t\t\t\t<div class=\"elementor-post__badge\">\u00c4u\u00dfere Abdeckungen<\/div>\n\t\t\t\t<div class=\"elementor-post__text\">\n\t\t\t\t<h3 class=\"elementor-post__title\">\n\t\t\t<a href=\"https:\/\/borzecki.com.pl\/de\/index.php\/2023\/08\/26\/markisen\/\" >\n\t\t\t\tMarkisen\t\t\t<\/a>\n\t\t<\/h3>\n\t\t\n\t\t<a class=\"elementor-post__read-more\" href=\"https:\/\/borzecki.com.pl\/de\/index.php\/2023\/08\/26\/markisen\/\" aria-label=\"Read more about Markisen\" tabindex=\"-1\" >\n\t\t\tMehr Informationen \u00bb\t\t<\/a>\n\n\t\t\t\t<\/div>\n\t\t\t\t\t<\/div>\n\t\t<\/article>\n\t\t\t\t<\/div>\n\t\t\n\t\t\t\t<\/div>\n\t\t\t\t<\/div>\n\t\t\t\t\t<\/div>\n\t\t<\/div>\n\t\t\t\t\t\t\t<\/div>\n\t\t<\/section>\n\t\t\t\t\t\t\t<\/div>\n\t\t","protected":false},"excerpt":{"rendered":"<p>Zur\u00fcck \u00c4u\u00dfere Fensterabdeckungen verbessern die thermische und akustische Isolierung der Fenster. In geschlossener Position sch\u00fctzen sie Fenster\u00f6ffnungen und die Fassade<\/p>\n","protected":false},"author":1,"featured_media":1850,"parent":0,"menu_order":0,"comment_status":"closed","ping_status":"closed","template":"","meta":{"footnotes":""},"_links":{"self":[{"href":"https:\/\/borzecki.com.pl\/de\/index.php\/wp-json\/wp\/v2\/pages\/2192"}],"collection":[{"href":"https:\/\/borzecki.com.pl\/de\/index.php\/wp-json\/wp\/v2\/pages"}],"about":[{"href":"https:\/\/borzecki.com.pl\/de\/index.php\/wp-json\/wp\/v2\/types\/page"}],"author":[{"embeddable":true,"href":"https:\/\/borzecki.com.pl\/de\/index.php\/wp-json\/wp\/v2\/users\/1"}],"replies":[{"embeddable":true,"href":"https:\/\/borzecki.com.pl\/de\/index.php\/wp-json\/wp\/v2\/comments?post=2192"}],"version-history":[{"count":1,"href":"https:\/\/borzecki.com.pl\/de\/index.php\/wp-json\/wp\/v2\/pages\/2192\/revisions"}],"predecessor-version":[{"id":2193,"href":"https:\/\/borzecki.com.pl\/de\/index.php\/wp-json\/wp\/v2\/pages\/2192\/revisions\/2193"}],"wp:featuredmedia":[{"embeddable":true,"href":"https:\/\/borzecki.com.pl\/de\/index.php\/wp-json\/wp\/v2\/media\/1850"}],"wp:attachment":[{"href":"https:\/\/borzecki.com.pl\/de\/index.php\/wp-json\/wp\/v2\/media?parent=2192"}],"curies":[{"name":"wp","href":"https:\/\/api.w.org\/{rel}","templated":true}]}}